{"id":59135,"date":"2025-06-27T16:34:26","date_gmt":"2025-06-27T14:34:26","guid":{"rendered":"https:\/\/shop.iode.tech\/?post_type=product&#038;p=59135"},"modified":"2026-02-11T19:29:49","modified_gmt":"2026-02-11T18:29:49","slug":"fairphone-6-bundle","status":"publish","type":"product","link":"https:\/\/shop.iode.tech\/fr\/product\/packs\/packs-smartphones\/fairphone-6-bundle\/","title":{"rendered":"Fairphone 6"},"content":{"rendered":"<div class=\"f_lightbox_text_body\">\n<p class=\"f_text\">Depuis plus d\u2019une d\u00e9cennie, Fairphone red\u00e9finit ce que devrait \u00eatre une technologie responsable : des appareils cr\u00e9\u00e9s pour durer et fabriqu\u00e9s dans le respect des personnes et de la plan\u00e8te. Avec le nouveau Fairphone, un t\u00e9l\u00e9phone \u00e9thique, nous mettons en avant l\u2019innovation qui a du sens, l\u00e0 o\u00f9 elle est la plus essentielle.<\/p>\n<\/div>\n<div class=\"f_lightbox_text_body\">\n<h5 class=\"f_h_sm\">Con\u00e7u pour durer<\/h5>\n<p class=\"f_text\">Con\u00e7u pour durer, avec un mat\u00e9riel modulaire r\u00e9parable et une assistance logicielle \u00e0 long terme \u2013 votre t\u00e9l\u00e9phone dure longtemps et cela permet tout simplement de r\u00e9duire l\u2019empreinte carbone.<\/p>\n<\/div>\n<div class=\"f_lightbox_text_body\">\n<h5 class=\"f_h_sm\">100 % neutre en termes de d\u00e9chets \u00e9lectroniques<\/h5>\n<p class=\"f_text\">Pour chaque t\u00e9l\u00e9phone vendu, Fairphone en reprend un. Cela signifie moins de d\u00e9chets \u00e9lectroniques et plus d\u2019utilisation circulaire gr\u00e2ce \u00e0 la r\u00e9utilisation, \u00e0 la r\u00e9paration et au recyclage.<\/p>\n<\/div>\n<div class=\"f_lightbox_text_body\">\n<h5 class=\"f_h_sm\">Plus de 50 % de mat\u00e9riaux \u00e9quitables et recycl\u00e9s<\/h5>\n<h6 class=\"f_h_xs\">Le Fairphone 6 Int\u00e8gre d\u00e9sormais plus de mat\u00e9riaux \u00e9quitables et recycl\u00e9s que jamais.<\/h6>\n<p><span class=\"f_text f_1\">Les mat\u00e9riaux recycl\u00e9s comprennent :<\/span><\/p>\n<ul class=\"f_list\">\n<li class=\"f_text\">Aluminium, cuivre, acier, \u00e9tain, indium, magn\u00e9sium, nickel, plastiques, terres rares, zinc.<\/li>\n<\/ul>\n<p><span class=\"f_text f_1\">Les mat\u00e9riaux responsables comprennent :<\/span><\/p>\n<ul class=\"f_list\">\n<li class=\"f_text\">de l&rsquo;or Fairtrade, de l&rsquo;argent Fairmined (via cr\u00e9dits), du cobalt Fairmined (via cr\u00e9dits) et du tungst\u00e8ne.<\/li>\n<\/ul>\n<\/div>\n<div class=\"f_lightbox_text_body\">\n<h5 class=\"f_h_sm\">Issu d\u2019usines \u00e9quitables<\/h5>\n<p class=\"f_text\">L\u2019assemblage final a lieu dans une usine qui soutient les primes de subsistance, favorise le bien-\u00eatre de ses travailleurs, de leurs conditions de travail et veille \u00e0 r\u00e9duire son impact sur l\u2019environnement.<\/p>\n<\/div>\n<div class=\"f_lightbox_text_body\">\n<h5 class=\"f_h_sm\">Promotion de l\u2019\u00e9nergie verte<\/h5>\n<p class=\"f_text\">Pour la fabrication, Fairphone utilise des \u00e9nergies renouvelables, contribuant ainsi \u00e0 la r\u00e9alisation de leurs objectifs en mati\u00e8re de climat et \u00e0 la r\u00e9duction des \u00e9missions \u00e0 la source.<\/p>\n<\/div>\n<div class=\"f_lightbox_text_body\">\n<h5 class=\"f_h_sm\">Con\u00e7u pour respecter le climat<\/h5>\n<p class=\"f_text\">Respecter le climat, c\u2019est construire un t\u00e9l\u00e9phone \u00e9cologique qui dure, r\u00e9duire les \u00e9missions de carbone et redonner \u00e0 la plan\u00e8te en r\u00e9duisant l\u2019impact environnemental.<\/p>\n<\/div>\n<div class=\"f_lightbox_text_body\">\n<h5 class=\"f_h_sm\">Collaboration avec les fournisseurs<\/h5>\n<p class=\"f_text\">Fairphone fait \u00e9quipe avec fournisseurs pour r\u00e9duire le carbone \u00e0 la source, en fixant des objectifs climatiques et en utilisant des mat\u00e9riaux recycl\u00e9s tels que l\u2019aluminium, le magn\u00e9sium, les terres rares, l\u2019\u00e9tain, le nickel, le zinc, le cuivre, les plastiques et l\u2019indium.<\/p>\n<\/div>\n<div class=\"f_lightbox_text_body\">\n<h5 class=\"f_h_sm\">Investissement en faveur de la plan\u00e8te<\/h5>\n<p class=\"f_text\">Fairphone compense les \u00e9missions r\u00e9siduelles du Fairphone 6 en soutenant des projets climatiques Gold Standard r\u00e9duisant ainsi le CO\u2082 et aidant les communaut\u00e9s locales \u00e0 prosp\u00e9rer.<\/p>\n<\/div>\n","protected":false},"excerpt":{"rendered":"<p>Depuis plus d\u2019une d\u00e9cennie, Fairphone red\u00e9finit ce que devrait \u00eatre une technologie responsable : des appareils cr\u00e9\u00e9s pour durer et fabriqu\u00e9s dans le respect des personnes et de la plan\u00e8te. Avec le nouveau Fairphone, un t\u00e9l\u00e9phone \u00e9thique, nous mettons en avant l\u2019innovation qui a du sens, l\u00e0 o\u00f9 elle est la plus essentielle. Con\u00e7u pour &#8230; <a title=\"Fairphone 6\" class=\"read-more\" href=\"https:\/\/shop.iode.tech\/fr\/product\/packs\/packs-smartphones\/fairphone-6-bundle\/\" aria-label=\"En savoir plus sur Fairphone 6\">Lire plus<\/a><\/p>\n","protected":false},"featured_media":59194,"template":"","meta":[],"product_brand":[],"product_cat":[1438,2658],"product_tag":[],"class_list":{"0":"post-59135","1":"product","2":"type-product","3":"status-publish","4":"has-post-thumbnail","6":"product_cat-packs","7":"product_cat-packs-smartphones","8":"sales-flash-overlay","9":"woocommerce-text-align-center","10":"woocommerce-image-align-center","11":"do-quantity-buttons","13":"first","14":"instock","15":"featured","16":"virtual","17":"purchasable","18":"product-type-bundle"},"bundled_by":[],"bundle_stock_status":"instock","bundle_stock_quantity":"","bundle_virtual":false,"bundle_layout":"default","bundle_add_to_cart_form_location":"default","bundle_editable_in_cart":false,"bundle_sold_individually_context":"product","bundle_item_grouping":"none","bundle_min_size":"","bundle_max_size":"","bundle_price":{"price":{"min":{"incl_tax":"639","excl_tax":"532.5"},"max":{"incl_tax":"","excl_tax":""}},"regular_price":{"min":{"incl_tax":"639","excl_tax":"532.5"},"max":{"incl_tax":"","excl_tax":""}}},"bundled_items":[{"bundled_item_id":2282,"product_id":59148,"menu_order":0,"quantity_min":1,"quantity_max":"","quantity_default":1,"priced_individually":true,"shipped_individually":false,"override_title":false,"title":"Fairphone 6","override_description":false,"description":"Fairphone 6","optional":false,"hide_thumbnail":false,"discount":"","override_variations":false,"allowed_variations":[""],"override_default_variation_attributes":false,"default_variation_attributes":[],"single_product_visibility":"visible","cart_visibility":"visible","order_visibility":"visible","single_product_price_visibility":"visible","cart_price_visibility":"visible","order_price_visibility":"visible","stock_status":"in_stock"},{"bundled_item_id":2531,"product_id":41888,"menu_order":1,"quantity_min":1,"quantity_max":1,"quantity_default":1,"priced_individually":true,"shipped_individually":true,"override_title":false,"title":"iod\u00e9OS Premium","override_description":false,"description":"iod\u00e9OS Premium","optional":true,"hide_thumbnail":false,"discount":"50","override_variations":false,"allowed_variations":[""],"override_default_variation_attributes":false,"default_variation_attributes":[],"single_product_visibility":"visible","cart_visibility":"visible","order_visibility":"visible","single_product_price_visibility":"visible","cart_price_visibility":"visible","order_price_visibility":"visible","stock_status":"in_stock"}],"bundle_sell_ids":[],"yoast_head":"<!-- This site is optimized with the Yoast SEO plugin v27.3 - https:\/\/yoast.com\/product\/yoast-seo-wordpress\/ -->\n<title>Fairphone 6 - iod\u00e9<\/title>\n<meta name=\"description\" content=\"Depuis plus d\u2019une d\u00e9cennie, Fairphone red\u00e9finit ce que devrait \u00eatre une technologie responsable : des appareils cr\u00e9\u00e9s pour durer et fabriqu\u00e9s dans le\" \/>\n<meta name=\"robots\" content=\"index, follow, max-snippet:-1, max-image-preview:large, max-video-preview:-1\" \/>\n<link rel=\"canonical\" href=\"https:\/\/shop.iode.tech\/fr\/product\/packs\/packs-smartphones\/fairphone-6-bundle\/\" \/>\n<meta property=\"og:locale\" content=\"fr_FR\" \/>\n<meta property=\"og:type\" content=\"article\" \/>\n<meta property=\"og:title\" content=\"Fairphone 6 - iod\u00e9\" \/>\n<meta property=\"og:description\" content=\"Depuis plus d\u2019une d\u00e9cennie, Fairphone red\u00e9finit ce que devrait \u00eatre une technologie responsable : des appareils cr\u00e9\u00e9s pour durer et fabriqu\u00e9s dans le\" \/>\n<meta property=\"og:url\" content=\"https:\/\/shop.iode.tech\/fr\/product\/packs\/packs-smartphones\/fairphone-6-bundle\/\" \/>\n<meta property=\"og:site_name\" content=\"iod\u00e9\" \/>\n<meta property=\"article:publisher\" content=\"https:\/\/www.facebook.com\/iodephones\" \/>\n<meta property=\"article:modified_time\" content=\"2026-02-11T18:29:49+00:00\" \/>\n<meta property=\"og:image\" content=\"https:\/\/shop.iode.tech\/wp-content\/uploads\/2025\/06\/iode-fp6-1000x1000-1.png\" \/>\n\t<meta property=\"og:image:width\" content=\"1000\" \/>\n\t<meta property=\"og:image:height\" content=\"1000\" \/>\n\t<meta property=\"og:image:type\" content=\"image\/png\" \/>\n<meta name=\"twitter:card\" content=\"summary_large_image\" \/>\n<meta name=\"twitter:site\" content=\"@iode_tech\" \/>\n<meta name=\"twitter:label1\" content=\"Dur\u00e9e de lecture estim\u00e9e\" \/>\n\t<meta name=\"twitter:data1\" content=\"2 minutes\" \/>\n<script type=\"application\/ld+json\" class=\"yoast-schema-graph\">{\"@context\":\"https:\\\/\\\/schema.org\",\"@graph\":[{\"@type\":\"WebPage\",\"@id\":\"https:\\\/\\\/shop.iode.tech\\\/fr\\\/product\\\/packs\\\/packs-smartphones\\\/fairphone-6-bundle\\\/\",\"url\":\"https:\\\/\\\/shop.iode.tech\\\/fr\\\/product\\\/packs\\\/packs-smartphones\\\/fairphone-6-bundle\\\/\",\"name\":\"Fairphone 6 - iod\u00e9\",\"isPartOf\":{\"@id\":\"https:\\\/\\\/shop.iode.tech\\\/fr\\\/#website\"},\"primaryImageOfPage\":{\"@id\":\"https:\\\/\\\/shop.iode.tech\\\/fr\\\/product\\\/packs\\\/packs-smartphones\\\/fairphone-6-bundle\\\/#primaryimage\"},\"image\":{\"@id\":\"https:\\\/\\\/shop.iode.tech\\\/fr\\\/product\\\/packs\\\/packs-smartphones\\\/fairphone-6-bundle\\\/#primaryimage\"},\"thumbnailUrl\":\"https:\\\/\\\/shop.iode.tech\\\/wp-content\\\/uploads\\\/2025\\\/06\\\/iode-fp6-1000x1000-1.png\",\"datePublished\":\"2025-06-27T14:34:26+00:00\",\"dateModified\":\"2026-02-11T18:29:49+00:00\",\"description\":\"Depuis plus d\u2019une d\u00e9cennie, Fairphone red\u00e9finit ce que devrait \u00eatre une technologie responsable : des appareils cr\u00e9\u00e9s pour durer et fabriqu\u00e9s dans le\",\"breadcrumb\":{\"@id\":\"https:\\\/\\\/shop.iode.tech\\\/fr\\\/product\\\/packs\\\/packs-smartphones\\\/fairphone-6-bundle\\\/#breadcrumb\"},\"inLanguage\":\"fr-FR\",\"potentialAction\":[{\"@type\":\"ReadAction\",\"target\":[\"https:\\\/\\\/shop.iode.tech\\\/fr\\\/product\\\/packs\\\/packs-smartphones\\\/fairphone-6-bundle\\\/\"]}]},{\"@type\":\"ImageObject\",\"inLanguage\":\"fr-FR\",\"@id\":\"https:\\\/\\\/shop.iode.tech\\\/fr\\\/product\\\/packs\\\/packs-smartphones\\\/fairphone-6-bundle\\\/#primaryimage\",\"url\":\"https:\\\/\\\/shop.iode.tech\\\/wp-content\\\/uploads\\\/2025\\\/06\\\/iode-fp6-1000x1000-1.png\",\"contentUrl\":\"https:\\\/\\\/shop.iode.tech\\\/wp-content\\\/uploads\\\/2025\\\/06\\\/iode-fp6-1000x1000-1.png\",\"width\":1000,\"height\":1000,\"caption\":\"iod\u00e9 fp6 1000x1000\"},{\"@type\":\"BreadcrumbList\",\"@id\":\"https:\\\/\\\/shop.iode.tech\\\/fr\\\/product\\\/packs\\\/packs-smartphones\\\/fairphone-6-bundle\\\/#breadcrumb\",\"itemListElement\":[{\"@type\":\"ListItem\",\"position\":1,\"name\":\"Home\",\"item\":\"https:\\\/\\\/shop.iode.tech\\\/fr\\\/\"},{\"@type\":\"ListItem\",\"position\":2,\"name\":\"Produits\",\"item\":\"https:\\\/\\\/shop.iode.tech\\\/fr\\\/shop\\\/\"},{\"@type\":\"ListItem\",\"position\":3,\"name\":\"Fairphone 6\"}]},{\"@type\":\"WebSite\",\"@id\":\"https:\\\/\\\/shop.iode.tech\\\/fr\\\/#website\",\"url\":\"https:\\\/\\\/shop.iode.tech\\\/fr\\\/\",\"name\":\"iod\u00e9\",\"description\":\"Be Smarter Than Your Phone.\",\"publisher\":{\"@id\":\"https:\\\/\\\/shop.iode.tech\\\/fr\\\/#organization\"},\"potentialAction\":[{\"@type\":\"SearchAction\",\"target\":{\"@type\":\"EntryPoint\",\"urlTemplate\":\"https:\\\/\\\/shop.iode.tech\\\/fr\\\/?s={search_term_string}\"},\"query-input\":{\"@type\":\"PropertyValueSpecification\",\"valueRequired\":true,\"valueName\":\"search_term_string\"}}],\"inLanguage\":\"fr-FR\"},{\"@type\":\"Organization\",\"@id\":\"https:\\\/\\\/shop.iode.tech\\\/fr\\\/#organization\",\"name\":\"iod\u00e9\",\"url\":\"https:\\\/\\\/shop.iode.tech\\\/fr\\\/\",\"logo\":{\"@type\":\"ImageObject\",\"inLanguage\":\"fr-FR\",\"@id\":\"https:\\\/\\\/shop.iode.tech\\\/fr\\\/#\\\/schema\\\/logo\\\/image\\\/\",\"url\":\"https:\\\/\\\/iode.tech\\\/wp-content\\\/uploads\\\/2021\\\/03\\\/io_770659.png\",\"contentUrl\":\"https:\\\/\\\/iode.tech\\\/wp-content\\\/uploads\\\/2021\\\/03\\\/io_770659.png\",\"width\":770,\"height\":659,\"caption\":\"iod\u00e9\"},\"image\":{\"@id\":\"https:\\\/\\\/shop.iode.tech\\\/fr\\\/#\\\/schema\\\/logo\\\/image\\\/\"},\"sameAs\":[\"https:\\\/\\\/www.facebook.com\\\/iodephones\",\"https:\\\/\\\/x.com\\\/iode_tech\"]}]}<\/script>\n<!-- \/ Yoast SEO plugin. -->","yoast_head_json":{"title":"Fairphone 6 - iod\u00e9","description":"Depuis plus d\u2019une d\u00e9cennie, Fairphone red\u00e9finit ce que devrait \u00eatre une technologie responsable : des appareils cr\u00e9\u00e9s pour durer et fabriqu\u00e9s dans le","robots":{"index":"index","follow":"follow","max-snippet":"max-snippet:-1","max-image-preview":"max-image-preview:large","max-video-preview":"max-video-preview:-1"},"canonical":"https:\/\/shop.iode.tech\/fr\/product\/packs\/packs-smartphones\/fairphone-6-bundle\/","og_locale":"fr_FR","og_type":"article","og_title":"Fairphone 6 - iod\u00e9","og_description":"Depuis plus d\u2019une d\u00e9cennie, Fairphone red\u00e9finit ce que devrait \u00eatre une technologie responsable : des appareils cr\u00e9\u00e9s pour durer et fabriqu\u00e9s dans le","og_url":"https:\/\/shop.iode.tech\/fr\/product\/packs\/packs-smartphones\/fairphone-6-bundle\/","og_site_name":"iod\u00e9","article_publisher":"https:\/\/www.facebook.com\/iodephones","article_modified_time":"2026-02-11T18:29:49+00:00","og_image":[{"url":"https:\/\/shop.iode.tech\/wp-content\/uploads\/2025\/06\/iode-fp6-1000x1000-1.png","width":1000,"height":1000,"type":"image\/png"}],"twitter_card":"summary_large_image","twitter_site":"@iode_tech","twitter_misc":{"Dur\u00e9e de lecture estim\u00e9e":"2 minutes"},"schema":{"@context":"https:\/\/schema.org","@graph":[{"@type":"WebPage","@id":"https:\/\/shop.iode.tech\/fr\/product\/packs\/packs-smartphones\/fairphone-6-bundle\/","url":"https:\/\/shop.iode.tech\/fr\/product\/packs\/packs-smartphones\/fairphone-6-bundle\/","name":"Fairphone 6 - iod\u00e9","isPartOf":{"@id":"https:\/\/shop.iode.tech\/fr\/#website"},"primaryImageOfPage":{"@id":"https:\/\/shop.iode.tech\/fr\/product\/packs\/packs-smartphones\/fairphone-6-bundle\/#primaryimage"},"image":{"@id":"https:\/\/shop.iode.tech\/fr\/product\/packs\/packs-smartphones\/fairphone-6-bundle\/#primaryimage"},"thumbnailUrl":"https:\/\/shop.iode.tech\/wp-content\/uploads\/2025\/06\/iode-fp6-1000x1000-1.png","datePublished":"2025-06-27T14:34:26+00:00","dateModified":"2026-02-11T18:29:49+00:00","description":"Depuis plus d\u2019une d\u00e9cennie, Fairphone red\u00e9finit ce que devrait \u00eatre une technologie responsable : des appareils cr\u00e9\u00e9s pour durer et fabriqu\u00e9s dans le","breadcrumb":{"@id":"https:\/\/shop.iode.tech\/fr\/product\/packs\/packs-smartphones\/fairphone-6-bundle\/#breadcrumb"},"inLanguage":"fr-FR","potentialAction":[{"@type":"ReadAction","target":["https:\/\/shop.iode.tech\/fr\/product\/packs\/packs-smartphones\/fairphone-6-bundle\/"]}]},{"@type":"ImageObject","inLanguage":"fr-FR","@id":"https:\/\/shop.iode.tech\/fr\/product\/packs\/packs-smartphones\/fairphone-6-bundle\/#primaryimage","url":"https:\/\/shop.iode.tech\/wp-content\/uploads\/2025\/06\/iode-fp6-1000x1000-1.png","contentUrl":"https:\/\/shop.iode.tech\/wp-content\/uploads\/2025\/06\/iode-fp6-1000x1000-1.png","width":1000,"height":1000,"caption":"iod\u00e9 fp6 1000x1000"},{"@type":"BreadcrumbList","@id":"https:\/\/shop.iode.tech\/fr\/product\/packs\/packs-smartphones\/fairphone-6-bundle\/#breadcrumb","itemListElement":[{"@type":"ListItem","position":1,"name":"Home","item":"https:\/\/shop.iode.tech\/fr\/"},{"@type":"ListItem","position":2,"name":"Produits","item":"https:\/\/shop.iode.tech\/fr\/shop\/"},{"@type":"ListItem","position":3,"name":"Fairphone 6"}]},{"@type":"WebSite","@id":"https:\/\/shop.iode.tech\/fr\/#website","url":"https:\/\/shop.iode.tech\/fr\/","name":"iod\u00e9","description":"Be Smarter Than Your Phone.","publisher":{"@id":"https:\/\/shop.iode.tech\/fr\/#organization"},"potentialAction":[{"@type":"SearchAction","target":{"@type":"EntryPoint","urlTemplate":"https:\/\/shop.iode.tech\/fr\/?s={search_term_string}"},"query-input":{"@type":"PropertyValueSpecification","valueRequired":true,"valueName":"search_term_string"}}],"inLanguage":"fr-FR"},{"@type":"Organization","@id":"https:\/\/shop.iode.tech\/fr\/#organization","name":"iod\u00e9","url":"https:\/\/shop.iode.tech\/fr\/","logo":{"@type":"ImageObject","inLanguage":"fr-FR","@id":"https:\/\/shop.iode.tech\/fr\/#\/schema\/logo\/image\/","url":"https:\/\/iode.tech\/wp-content\/uploads\/2021\/03\/io_770659.png","contentUrl":"https:\/\/iode.tech\/wp-content\/uploads\/2021\/03\/io_770659.png","width":770,"height":659,"caption":"iod\u00e9"},"image":{"@id":"https:\/\/shop.iode.tech\/fr\/#\/schema\/logo\/image\/"},"sameAs":["https:\/\/www.facebook.com\/iodephones","https:\/\/x.com\/iode_tech"]}]}},"_links":{"self":[{"href":"https:\/\/shop.iode.tech\/fr\/wp-json\/wp\/v2\/product\/59135","targetHints":{"allow":["GET"]}}],"collection":[{"href":"https:\/\/shop.iode.tech\/fr\/wp-json\/wp\/v2\/product"}],"about":[{"href":"https:\/\/shop.iode.tech\/fr\/wp-json\/wp\/v2\/types\/product"}],"wp:featuredmedia":[{"embeddable":true,"href":"https:\/\/shop.iode.tech\/fr\/wp-json\/wp\/v2\/media\/59194"}],"wp:attachment":[{"href":"https:\/\/shop.iode.tech\/fr\/wp-json\/wp\/v2\/media?parent=59135"}],"wp:term":[{"taxonomy":"product_brand","embeddable":true,"href":"https:\/\/shop.iode.tech\/fr\/wp-json\/wp\/v2\/product_brand?post=59135"},{"taxonomy":"product_cat","embeddable":true,"href":"https:\/\/shop.iode.tech\/fr\/wp-json\/wp\/v2\/product_cat?post=59135"},{"taxonomy":"product_tag","embeddable":true,"href":"https:\/\/shop.iode.tech\/fr\/wp-json\/wp\/v2\/product_tag?post=59135"}],"curies":[{"name":"wp","href":"https:\/\/api.w.org\/{rel}","templated":true}]}}