{"id":59132,"date":"2025-06-27T14:49:01","date_gmt":"2025-06-27T12:49:01","guid":{"rendered":"https:\/\/shop.iode.tech\/?post_type=product&#038;p=59132"},"modified":"2026-01-29T18:19:35","modified_gmt":"2026-01-29T17:19:35","slug":"shiftphone-8-bundle","status":"publish","type":"product","link":"https:\/\/shop.iode.tech\/fr\/product\/packs\/packs-smartphones\/shiftphone-8-bundle\/","title":{"rendered":"SHIFTphone 8"},"content":{"rendered":"<p data-start=\"40\" data-end=\"464\">Le <strong data-start=\"43\" data-end=\"59\">SHIFTphone 8<\/strong> est le huiti\u00e8me mod\u00e8le de Shift, et sera leur premier appareil r\u00e9sistant \u00e0 l\u2019eau, certifi\u00e9 IP \u2014 sans compromettre la modularit\u00e9 bien connue de la marque. L\u2019objectif de Shift est d\u2019offrir au minimum une protection contre l\u2019immersion temporaire. Le t\u00e9l\u00e9phone est \u00e9galement \u00e9quip\u00e9 d\u2019interrupteurs mat\u00e9riels (kill switches), permettant un contr\u00f4le s\u00e9curis\u00e9 de modules tels que les cam\u00e9ras et les microphones.<\/p>\n<p data-start=\"466\" data-end=\"639\">Comme le <strong data-start=\"475\" data-end=\"487\">SHIFT6mq<\/strong>, le SHIFTphone 8 est dot\u00e9 d\u2019un processeur Qualcomm \u00e9conome en \u00e9nergie, d\u2019un grand espace de stockage interne et d\u2019un emplacement pour carte Micro-SDXC.<\/p>\n<p data-start=\"641\" data-end=\"799\">L\u2019un des principaux axes de d\u00e9veloppement concerne la cam\u00e9ra, avec des efforts suppl\u00e9mentaires pour am\u00e9liorer la qualit\u00e9 d\u2019image et la facilit\u00e9 d\u2019utilisation.<\/p>\n<p data-start=\"801\" data-end=\"1026\">En plus de la modularit\u00e9, de la protection contre l\u2019eau, des performances, de la qualit\u00e9 photo et du grand stockage, <strong data-start=\"918\" data-end=\"933\">Android\u2122 14<\/strong> et la batterie facilement rempla\u00e7able font du SHIFTphone 8 un compagnon fiable au quotidien.<\/p>\n<h3 data-start=\"1028\" data-end=\"1042\">Garantie :<\/h3>\n<ul data-start=\"1044\" data-end=\"1216\">\n<li data-start=\"1044\" data-end=\"1146\">\n<p data-start=\"1046\" data-end=\"1146\">Le <strong data-start=\"1049\" data-end=\"1067\">SHIFTphone 8.1<\/strong> est couvert par une garantie de <strong data-start=\"1100\" data-end=\"1109\">2 ans<\/strong> \u00e0 compter de la date de livraison.<\/p>\n<\/li>\n<li data-start=\"1147\" data-end=\"1216\">\n<p data-start=\"1149\" data-end=\"1216\">La batterie universelle du SHIFTphone 8.1 est garantie <strong data-start=\"1204\" data-end=\"1215\">12 mois<\/strong>.<\/p>\n<\/li>\n<\/ul>\n<p data-start=\"1218\" data-end=\"1582\"><strong data-start=\"1218\" data-end=\"1255\">Garantie de r\u00e9parabilit\u00e9 de 5 ans<\/strong> \u00e0 partir de la date de livraison : Shift garantit la possibilit\u00e9 de r\u00e9parer votre SHIFTphone 8.1 jusqu\u2019\u00e0 5 ans apr\u00e8s l\u2019achat \u2014 cela ne signifie pas que les r\u00e9parations sont gratuites. Par exemple, si l\u2019\u00e9cran se casse apr\u00e8s 5 ans, nous garantissons la disponibilit\u00e9 des pi\u00e8ces de rechange, mais les frais seront \u00e0 votre charge.<\/p>\n<h3 data-start=\"1584\" data-end=\"1609\">Engagement logiciel :<\/h3>\n<p data-start=\"1611\" data-end=\"2011\">Le processeur (Qualcomm) est officiellement pris en charge jusqu\u2019en <strong data-start=\"1679\" data-end=\"1687\">2036<\/strong>. Nous garantissons les mises \u00e0 jour Android (par exemple Android 15 \u2192 16) durant cette p\u00e9riode. Au-del\u00e0 de 2036, nous visons \u00e0 continuer les mises \u00e0 jour majeures en optimisant notre base logicielle. Les mises \u00e0 jour de s\u00e9curit\u00e9 resteront disponibles bien apr\u00e8s 2036, gr\u00e2ce \u00e0 une infrastructure technique et humaine d\u00e9di\u00e9e.<\/p>\n<h3 data-start=\"2013\" data-end=\"2063\">Engagement environnemental \u2013 E-waste positif :<\/h3>\n<p data-start=\"2065\" data-end=\"2389\" data-is-last-node=\"\" data-is-only-node=\"\">Le <strong data-start=\"2068\" data-end=\"2086\">SHIFTphone 8.1<\/strong> sera <strong data-start=\"2092\" data-end=\"2111\">e-waste positif<\/strong>. Pour chaque t\u00e9l\u00e9phone vendu, Shift r\u00e9cup\u00e8re un ancien t\u00e9l\u00e9phone (cass\u00e9 ou obsol\u00e8te) en provenance du Sud global, pour le recycler correctement en Europe (en partenariat avec <strong data-start=\"2287\" data-end=\"2307\">Closing the Loop<\/strong>). Les mati\u00e8res premi\u00e8res r\u00e9cup\u00e9r\u00e9es sont r\u00e9utilis\u00e9es dans de nouveaux t\u00e9l\u00e9phones.<\/p>\n","protected":false},"excerpt":{"rendered":"<p>Le SHIFTphone 8 est le huiti\u00e8me mod\u00e8le de Shift, et sera leur premier appareil r\u00e9sistant \u00e0 l\u2019eau, certifi\u00e9 IP \u2014 sans compromettre la modularit\u00e9 bien connue de la marque. L\u2019objectif de Shift est d\u2019offrir au minimum une protection contre l\u2019immersion temporaire. Le t\u00e9l\u00e9phone est \u00e9galement \u00e9quip\u00e9 d\u2019interrupteurs mat\u00e9riels (kill switches), permettant un contr\u00f4le s\u00e9curis\u00e9 de &#8230; <a title=\"SHIFTphone 8\" class=\"read-more\" href=\"https:\/\/shop.iode.tech\/fr\/product\/packs\/packs-smartphones\/shiftphone-8-bundle\/\" aria-label=\"En savoir plus sur SHIFTphone 8\">Lire plus<\/a><\/p>\n","protected":false},"featured_media":64968,"template":"","meta":[],"product_brand":[],"product_cat":[1438,2658],"product_tag":[],"class_list":{"0":"post-59132","1":"product","2":"type-product","3":"status-publish","4":"has-post-thumbnail","6":"product_cat-packs","7":"product_cat-packs-smartphones","8":"sales-flash-overlay","9":"woocommerce-text-align-center","10":"woocommerce-image-align-center","11":"do-quantity-buttons","12":"wc-has-gallery","14":"first","15":"instock","16":"virtual","17":"purchasable","18":"product-type-bundle"},"bundled_by":[],"bundle_stock_status":"instock","bundle_stock_quantity":"","bundle_virtual":false,"bundle_layout":"default","bundle_add_to_cart_form_location":"default","bundle_editable_in_cart":false,"bundle_sold_individually_context":"product","bundle_item_grouping":"none","bundle_min_size":"","bundle_max_size":"","bundle_price":{"price":{"min":{"incl_tax":"839","excl_tax":"699.17"},"max":{"incl_tax":"","excl_tax":""}},"regular_price":{"min":{"incl_tax":"839","excl_tax":"699.17"},"max":{"incl_tax":"","excl_tax":""}}},"bundled_items":[{"bundled_item_id":2319,"product_id":59120,"menu_order":0,"quantity_min":1,"quantity_max":"","quantity_default":1,"priced_individually":true,"shipped_individually":false,"override_title":false,"title":"SHIFTphone 8","override_description":false,"description":"SHIFTphone 8","optional":false,"hide_thumbnail":false,"discount":"","override_variations":false,"allowed_variations":[""],"override_default_variation_attributes":false,"default_variation_attributes":[],"single_product_visibility":"visible","cart_visibility":"visible","order_visibility":"visible","single_product_price_visibility":"visible","cart_price_visibility":"visible","order_price_visibility":"visible","stock_status":"in_stock"},{"bundled_item_id":2316,"product_id":56895,"menu_order":2,"quantity_min":1,"quantity_max":1,"quantity_default":1,"priced_individually":true,"shipped_individually":false,"override_title":false,"title":"Film hydrogel","override_description":false,"description":"Film hydrogel","optional":true,"hide_thumbnail":false,"discount":"33","override_variations":false,"allowed_variations":[""],"override_default_variation_attributes":false,"default_variation_attributes":[],"single_product_visibility":"hidden","cart_visibility":"visible","order_visibility":"hidden","single_product_price_visibility":"visible","cart_price_visibility":"visible","order_price_visibility":"visible","stock_status":"in_stock"},{"bundled_item_id":2441,"product_id":41888,"menu_order":2,"quantity_min":1,"quantity_max":1,"quantity_default":1,"priced_individually":true,"shipped_individually":true,"override_title":false,"title":"iod\u00e9OS Premium","override_description":false,"description":"iod\u00e9OS Premium","optional":true,"hide_thumbnail":false,"discount":"50","override_variations":false,"allowed_variations":[""],"override_default_variation_attributes":false,"default_variation_attributes":[],"single_product_visibility":"visible","cart_visibility":"visible","order_visibility":"visible","single_product_price_visibility":"visible","cart_price_visibility":"visible","order_price_visibility":"visible","stock_status":"in_stock"}],"bundle_sell_ids":[],"yoast_head":"<!-- This site is optimized with the Yoast SEO plugin v27.3 - https:\/\/yoast.com\/product\/yoast-seo-wordpress\/ -->\n<title>SHIFTphone 8 - iod\u00e9<\/title>\n<meta name=\"description\" content=\"Le SHIFTphone 8 est le huiti\u00e8me mod\u00e8le de Shift, et sera leur premier appareil r\u00e9sistant \u00e0 l\u2019eau, certifi\u00e9 IP \u2014 sans compromettre la modularit\u00e9 bien\" \/>\n<meta name=\"robots\" content=\"index, follow, max-snippet:-1, max-image-preview:large, max-video-preview:-1\" \/>\n<link rel=\"canonical\" href=\"https:\/\/shop.iode.tech\/fr\/product\/packs\/packs-smartphones\/shiftphone-8-bundle\/\" \/>\n<meta property=\"og:locale\" content=\"fr_FR\" \/>\n<meta property=\"og:type\" content=\"article\" \/>\n<meta property=\"og:title\" content=\"SHIFTphone 8 - iod\u00e9\" \/>\n<meta property=\"og:description\" content=\"Le SHIFTphone 8 est le huiti\u00e8me mod\u00e8le de Shift, et sera leur premier appareil r\u00e9sistant \u00e0 l\u2019eau, certifi\u00e9 IP \u2014 sans compromettre la modularit\u00e9 bien\" \/>\n<meta property=\"og:url\" content=\"https:\/\/shop.iode.tech\/fr\/product\/packs\/packs-smartphones\/shiftphone-8-bundle\/\" \/>\n<meta property=\"og:site_name\" content=\"iod\u00e9\" \/>\n<meta property=\"article:publisher\" content=\"https:\/\/www.facebook.com\/iodephones\" \/>\n<meta property=\"article:modified_time\" content=\"2026-01-29T17:19:35+00:00\" \/>\n<meta property=\"og:image\" content=\"https:\/\/shop.iode.tech\/wp-content\/uploads\/2025\/06\/shift8-1.png\" \/>\n\t<meta property=\"og:image:width\" content=\"1000\" \/>\n\t<meta property=\"og:image:height\" content=\"1000\" \/>\n\t<meta property=\"og:image:type\" content=\"image\/png\" \/>\n<meta name=\"twitter:card\" content=\"summary_large_image\" \/>\n<meta name=\"twitter:site\" content=\"@iode_tech\" \/>\n<meta name=\"twitter:label1\" content=\"Dur\u00e9e de lecture estim\u00e9e\" \/>\n\t<meta name=\"twitter:data1\" content=\"2 minutes\" \/>\n<script type=\"application\/ld+json\" class=\"yoast-schema-graph\">{\"@context\":\"https:\\\/\\\/schema.org\",\"@graph\":[{\"@type\":\"WebPage\",\"@id\":\"https:\\\/\\\/shop.iode.tech\\\/fr\\\/product\\\/packs\\\/packs-smartphones\\\/shiftphone-8-bundle\\\/\",\"url\":\"https:\\\/\\\/shop.iode.tech\\\/fr\\\/product\\\/packs\\\/packs-smartphones\\\/shiftphone-8-bundle\\\/\",\"name\":\"SHIFTphone 8 - iod\u00e9\",\"isPartOf\":{\"@id\":\"https:\\\/\\\/shop.iode.tech\\\/fr\\\/#website\"},\"primaryImageOfPage\":{\"@id\":\"https:\\\/\\\/shop.iode.tech\\\/fr\\\/product\\\/packs\\\/packs-smartphones\\\/shiftphone-8-bundle\\\/#primaryimage\"},\"image\":{\"@id\":\"https:\\\/\\\/shop.iode.tech\\\/fr\\\/product\\\/packs\\\/packs-smartphones\\\/shiftphone-8-bundle\\\/#primaryimage\"},\"thumbnailUrl\":\"https:\\\/\\\/shop.iode.tech\\\/wp-content\\\/uploads\\\/2025\\\/06\\\/shift8-1.png\",\"datePublished\":\"2025-06-27T12:49:01+00:00\",\"dateModified\":\"2026-01-29T17:19:35+00:00\",\"description\":\"Le SHIFTphone 8 est le huiti\u00e8me mod\u00e8le de Shift, et sera leur premier appareil r\u00e9sistant \u00e0 l\u2019eau, certifi\u00e9 IP \u2014 sans compromettre la modularit\u00e9 bien\",\"breadcrumb\":{\"@id\":\"https:\\\/\\\/shop.iode.tech\\\/fr\\\/product\\\/packs\\\/packs-smartphones\\\/shiftphone-8-bundle\\\/#breadcrumb\"},\"inLanguage\":\"fr-FR\",\"potentialAction\":[{\"@type\":\"ReadAction\",\"target\":[\"https:\\\/\\\/shop.iode.tech\\\/fr\\\/product\\\/packs\\\/packs-smartphones\\\/shiftphone-8-bundle\\\/\"]}]},{\"@type\":\"ImageObject\",\"inLanguage\":\"fr-FR\",\"@id\":\"https:\\\/\\\/shop.iode.tech\\\/fr\\\/product\\\/packs\\\/packs-smartphones\\\/shiftphone-8-bundle\\\/#primaryimage\",\"url\":\"https:\\\/\\\/shop.iode.tech\\\/wp-content\\\/uploads\\\/2025\\\/06\\\/shift8-1.png\",\"contentUrl\":\"https:\\\/\\\/shop.iode.tech\\\/wp-content\\\/uploads\\\/2025\\\/06\\\/shift8-1.png\",\"width\":1000,\"height\":1000,\"caption\":\"Shift8\"},{\"@type\":\"BreadcrumbList\",\"@id\":\"https:\\\/\\\/shop.iode.tech\\\/fr\\\/product\\\/packs\\\/packs-smartphones\\\/shiftphone-8-bundle\\\/#breadcrumb\",\"itemListElement\":[{\"@type\":\"ListItem\",\"position\":1,\"name\":\"Home\",\"item\":\"https:\\\/\\\/shop.iode.tech\\\/fr\\\/\"},{\"@type\":\"ListItem\",\"position\":2,\"name\":\"Produits\",\"item\":\"https:\\\/\\\/shop.iode.tech\\\/fr\\\/shop\\\/\"},{\"@type\":\"ListItem\",\"position\":3,\"name\":\"SHIFTphone 8\"}]},{\"@type\":\"WebSite\",\"@id\":\"https:\\\/\\\/shop.iode.tech\\\/fr\\\/#website\",\"url\":\"https:\\\/\\\/shop.iode.tech\\\/fr\\\/\",\"name\":\"iod\u00e9\",\"description\":\"Be Smarter Than Your Phone.\",\"publisher\":{\"@id\":\"https:\\\/\\\/shop.iode.tech\\\/fr\\\/#organization\"},\"potentialAction\":[{\"@type\":\"SearchAction\",\"target\":{\"@type\":\"EntryPoint\",\"urlTemplate\":\"https:\\\/\\\/shop.iode.tech\\\/fr\\\/?s={search_term_string}\"},\"query-input\":{\"@type\":\"PropertyValueSpecification\",\"valueRequired\":true,\"valueName\":\"search_term_string\"}}],\"inLanguage\":\"fr-FR\"},{\"@type\":\"Organization\",\"@id\":\"https:\\\/\\\/shop.iode.tech\\\/fr\\\/#organization\",\"name\":\"iod\u00e9\",\"url\":\"https:\\\/\\\/shop.iode.tech\\\/fr\\\/\",\"logo\":{\"@type\":\"ImageObject\",\"inLanguage\":\"fr-FR\",\"@id\":\"https:\\\/\\\/shop.iode.tech\\\/fr\\\/#\\\/schema\\\/logo\\\/image\\\/\",\"url\":\"https:\\\/\\\/iode.tech\\\/wp-content\\\/uploads\\\/2021\\\/03\\\/io_770659.png\",\"contentUrl\":\"https:\\\/\\\/iode.tech\\\/wp-content\\\/uploads\\\/2021\\\/03\\\/io_770659.png\",\"width\":770,\"height\":659,\"caption\":\"iod\u00e9\"},\"image\":{\"@id\":\"https:\\\/\\\/shop.iode.tech\\\/fr\\\/#\\\/schema\\\/logo\\\/image\\\/\"},\"sameAs\":[\"https:\\\/\\\/www.facebook.com\\\/iodephones\",\"https:\\\/\\\/x.com\\\/iode_tech\"]}]}<\/script>\n<!-- \/ Yoast SEO plugin. -->","yoast_head_json":{"title":"SHIFTphone 8 - iod\u00e9","description":"Le SHIFTphone 8 est le huiti\u00e8me mod\u00e8le de Shift, et sera leur premier appareil r\u00e9sistant \u00e0 l\u2019eau, certifi\u00e9 IP \u2014 sans compromettre la modularit\u00e9 bien","robots":{"index":"index","follow":"follow","max-snippet":"max-snippet:-1","max-image-preview":"max-image-preview:large","max-video-preview":"max-video-preview:-1"},"canonical":"https:\/\/shop.iode.tech\/fr\/product\/packs\/packs-smartphones\/shiftphone-8-bundle\/","og_locale":"fr_FR","og_type":"article","og_title":"SHIFTphone 8 - iod\u00e9","og_description":"Le SHIFTphone 8 est le huiti\u00e8me mod\u00e8le de Shift, et sera leur premier appareil r\u00e9sistant \u00e0 l\u2019eau, certifi\u00e9 IP \u2014 sans compromettre la modularit\u00e9 bien","og_url":"https:\/\/shop.iode.tech\/fr\/product\/packs\/packs-smartphones\/shiftphone-8-bundle\/","og_site_name":"iod\u00e9","article_publisher":"https:\/\/www.facebook.com\/iodephones","article_modified_time":"2026-01-29T17:19:35+00:00","og_image":[{"url":"https:\/\/shop.iode.tech\/wp-content\/uploads\/2025\/06\/shift8-1.png","width":1000,"height":1000,"type":"image\/png"}],"twitter_card":"summary_large_image","twitter_site":"@iode_tech","twitter_misc":{"Dur\u00e9e de lecture estim\u00e9e":"2 minutes"},"schema":{"@context":"https:\/\/schema.org","@graph":[{"@type":"WebPage","@id":"https:\/\/shop.iode.tech\/fr\/product\/packs\/packs-smartphones\/shiftphone-8-bundle\/","url":"https:\/\/shop.iode.tech\/fr\/product\/packs\/packs-smartphones\/shiftphone-8-bundle\/","name":"SHIFTphone 8 - iod\u00e9","isPartOf":{"@id":"https:\/\/shop.iode.tech\/fr\/#website"},"primaryImageOfPage":{"@id":"https:\/\/shop.iode.tech\/fr\/product\/packs\/packs-smartphones\/shiftphone-8-bundle\/#primaryimage"},"image":{"@id":"https:\/\/shop.iode.tech\/fr\/product\/packs\/packs-smartphones\/shiftphone-8-bundle\/#primaryimage"},"thumbnailUrl":"https:\/\/shop.iode.tech\/wp-content\/uploads\/2025\/06\/shift8-1.png","datePublished":"2025-06-27T12:49:01+00:00","dateModified":"2026-01-29T17:19:35+00:00","description":"Le SHIFTphone 8 est le huiti\u00e8me mod\u00e8le de Shift, et sera leur premier appareil r\u00e9sistant \u00e0 l\u2019eau, certifi\u00e9 IP \u2014 sans compromettre la modularit\u00e9 bien","breadcrumb":{"@id":"https:\/\/shop.iode.tech\/fr\/product\/packs\/packs-smartphones\/shiftphone-8-bundle\/#breadcrumb"},"inLanguage":"fr-FR","potentialAction":[{"@type":"ReadAction","target":["https:\/\/shop.iode.tech\/fr\/product\/packs\/packs-smartphones\/shiftphone-8-bundle\/"]}]},{"@type":"ImageObject","inLanguage":"fr-FR","@id":"https:\/\/shop.iode.tech\/fr\/product\/packs\/packs-smartphones\/shiftphone-8-bundle\/#primaryimage","url":"https:\/\/shop.iode.tech\/wp-content\/uploads\/2025\/06\/shift8-1.png","contentUrl":"https:\/\/shop.iode.tech\/wp-content\/uploads\/2025\/06\/shift8-1.png","width":1000,"height":1000,"caption":"Shift8"},{"@type":"BreadcrumbList","@id":"https:\/\/shop.iode.tech\/fr\/product\/packs\/packs-smartphones\/shiftphone-8-bundle\/#breadcrumb","itemListElement":[{"@type":"ListItem","position":1,"name":"Home","item":"https:\/\/shop.iode.tech\/fr\/"},{"@type":"ListItem","position":2,"name":"Produits","item":"https:\/\/shop.iode.tech\/fr\/shop\/"},{"@type":"ListItem","position":3,"name":"SHIFTphone 8"}]},{"@type":"WebSite","@id":"https:\/\/shop.iode.tech\/fr\/#website","url":"https:\/\/shop.iode.tech\/fr\/","name":"iod\u00e9","description":"Be Smarter Than Your Phone.","publisher":{"@id":"https:\/\/shop.iode.tech\/fr\/#organization"},"potentialAction":[{"@type":"SearchAction","target":{"@type":"EntryPoint","urlTemplate":"https:\/\/shop.iode.tech\/fr\/?s={search_term_string}"},"query-input":{"@type":"PropertyValueSpecification","valueRequired":true,"valueName":"search_term_string"}}],"inLanguage":"fr-FR"},{"@type":"Organization","@id":"https:\/\/shop.iode.tech\/fr\/#organization","name":"iod\u00e9","url":"https:\/\/shop.iode.tech\/fr\/","logo":{"@type":"ImageObject","inLanguage":"fr-FR","@id":"https:\/\/shop.iode.tech\/fr\/#\/schema\/logo\/image\/","url":"https:\/\/iode.tech\/wp-content\/uploads\/2021\/03\/io_770659.png","contentUrl":"https:\/\/iode.tech\/wp-content\/uploads\/2021\/03\/io_770659.png","width":770,"height":659,"caption":"iod\u00e9"},"image":{"@id":"https:\/\/shop.iode.tech\/fr\/#\/schema\/logo\/image\/"},"sameAs":["https:\/\/www.facebook.com\/iodephones","https:\/\/x.com\/iode_tech"]}]}},"_links":{"self":[{"href":"https:\/\/shop.iode.tech\/fr\/wp-json\/wp\/v2\/product\/59132","targetHints":{"allow":["GET"]}}],"collection":[{"href":"https:\/\/shop.iode.tech\/fr\/wp-json\/wp\/v2\/product"}],"about":[{"href":"https:\/\/shop.iode.tech\/fr\/wp-json\/wp\/v2\/types\/product"}],"wp:featuredmedia":[{"embeddable":true,"href":"https:\/\/shop.iode.tech\/fr\/wp-json\/wp\/v2\/media\/64968"}],"wp:attachment":[{"href":"https:\/\/shop.iode.tech\/fr\/wp-json\/wp\/v2\/media?parent=59132"}],"wp:term":[{"taxonomy":"product_brand","embeddable":true,"href":"https:\/\/shop.iode.tech\/fr\/wp-json\/wp\/v2\/product_brand?post=59132"},{"taxonomy":"product_cat","embeddable":true,"href":"https:\/\/shop.iode.tech\/fr\/wp-json\/wp\/v2\/product_cat?post=59132"},{"taxonomy":"product_tag","embeddable":true,"href":"https:\/\/shop.iode.tech\/fr\/wp-json\/wp\/v2\/product_tag?post=59132"}],"curies":[{"name":"wp","href":"https:\/\/api.w.org\/{rel}","templated":true}]}}