{"id":42221,"date":"2023-08-31T15:24:29","date_gmt":"2023-08-31T14:24:29","guid":{"rendered":"https:\/\/shop.iode.tech\/product\/uncategorized\/samsung-galaxy-a52s-5g\/"},"modified":"2026-03-27T14:21:12","modified_gmt":"2026-03-27T13:21:12","slug":"samsung-galaxy-a52s-5g","status":"publish","type":"product","link":"https:\/\/shop.iode.tech\/fr\/product\/smartphones-fr\/smartphone-reconditionnes\/samsung-galaxy-a52s-5g\/","title":{"rendered":"Samsung Galaxy A52s 5G"},"content":{"rendered":"","protected":false},"excerpt":{"rendered":"<p>\u2713 Smartphone 100 % fonctionnel \u2013 performance garantie<br data-start=\"551\" data-end=\"554\" \/>\u2713 Garantie de 12 mois pour une tranquillit\u00e9 d\u2019esprit totale<br data-start=\"613\" data-end=\"616\" \/>\u2713 Batterie certifi\u00e9e avec plus de 80 % de sa capacit\u00e9 d\u2019origine \u2013 con\u00e7ue pour durer<br data-start=\"699\" data-end=\"702\" \/>\u2713 Reconditionn\u00e9 en Europe par des techniciens qualifi\u00e9s et test\u00e9 sur plus de 40 points de contr\u00f4le<br data-start=\"800\" data-end=\"803\" \/>\u2713 Livraison rapide et fiable en Europe sous 4 \u00e0 8 jours ouvr\u00e9s<\/p>\n","protected":false},"featured_media":41208,"template":"","meta":[],"product_brand":[],"product_cat":[1449,1452],"product_tag":[1455],"class_list":{"0":"post-42221","1":"product","2":"type-product","3":"status-publish","4":"has-post-thumbnail","6":"product_cat-smartphone-reconditionnes","7":"product_cat-smartphones-fr","8":"product_tag-reconditionne-fr","9":"sales-flash-overlay","10":"woocommerce-text-align-center","11":"woocommerce-image-align-center","12":"do-quantity-buttons","13":"wc-has-gallery","15":"first","16":"onbackorder","17":"taxable","18":"shipping-taxable","19":"purchasable","20":"product-type-variable","21":"has-default-attributes"},"bundled_by":["42228"],"bundle_stock_status":"onbackorder","bundle_stock_quantity":null,"bundle_virtual":false,"bundle_layout":"","bundle_add_to_cart_form_location":"","bundle_editable_in_cart":false,"bundle_sold_individually_context":"","bundle_item_grouping":"","bundle_min_size":"","bundle_max_size":"","bundle_price":[],"bundled_items":[],"bundle_sell_ids":[],"yoast_head":"<!-- This site is optimized with the Yoast SEO plugin v27.3 - https:\/\/yoast.com\/product\/yoast-seo-wordpress\/ -->\n<title>Samsung Galaxy A52s 5G - iod\u00e9<\/title>\n<meta name=\"description\" content=\"\u2713 Smartphone 100 % fonctionnel \u2013 performance garantie\u2713 Garantie de 12 mois pour une tranquillit\u00e9 d\u2019esprit totale\u2713 Batterie certifi\u00e9e avec plus de 80 % de sa capacit\u00e9 d\u2019origine \u2013 con\u00e7ue pour durer\u2713 Reconditionn\u00e9 en Europe par des techniciens qualifi\u00e9s et test\u00e9 sur plus de 40 points de contr\u00f4le\u2713 Livraison rapide et fiable en Europe sous 4 \u00e0 8 jours ouvr\u00e9s\" \/>\n<meta name=\"robots\" content=\"index, follow, max-snippet:-1, max-image-preview:large, max-video-preview:-1\" \/>\n<link rel=\"canonical\" href=\"https:\/\/shop.iode.tech\/fr\/product\/smartphones-fr\/smartphone-reconditionnes\/samsung-galaxy-a52s-5g\/\" \/>\n<meta property=\"og:locale\" content=\"fr_FR\" \/>\n<meta property=\"og:type\" content=\"article\" \/>\n<meta property=\"og:title\" content=\"Samsung Galaxy A52s 5G - iod\u00e9\" \/>\n<meta property=\"og:description\" content=\"\u2713 Smartphone 100 % fonctionnel \u2013 performance garantie\u2713 Garantie de 12 mois pour une tranquillit\u00e9 d\u2019esprit totale\u2713 Batterie certifi\u00e9e avec plus de 80 % de sa capacit\u00e9 d\u2019origine \u2013 con\u00e7ue pour durer\u2713 Reconditionn\u00e9 en Europe par des techniciens qualifi\u00e9s et test\u00e9 sur plus de 40 points de contr\u00f4le\u2713 Livraison rapide et fiable en Europe sous 4 \u00e0 8 jours ouvr\u00e9s\" \/>\n<meta property=\"og:url\" content=\"https:\/\/shop.iode.tech\/fr\/product\/smartphones-fr\/smartphone-reconditionnes\/samsung-galaxy-a52s-5g\/\" \/>\n<meta property=\"og:site_name\" content=\"iod\u00e9\" \/>\n<meta property=\"article:publisher\" content=\"https:\/\/www.facebook.com\/iodephones\" \/>\n<meta property=\"article:modified_time\" content=\"2026-03-27T13:21:12+00:00\" \/>\n<meta property=\"og:image\" content=\"https:\/\/shop.iode.tech\/wp-content\/uploads\/2023\/08\/A52S_1000x1000.png\" \/>\n\t<meta property=\"og:image:width\" content=\"1000\" \/>\n\t<meta property=\"og:image:height\" content=\"1000\" \/>\n\t<meta property=\"og:image:type\" content=\"image\/png\" \/>\n<meta name=\"twitter:card\" content=\"summary_large_image\" \/>\n<meta name=\"twitter:site\" content=\"@iode_tech\" \/>\n<meta name=\"twitter:label1\" content=\"Dur\u00e9e de lecture estim\u00e9e\" \/>\n\t<meta name=\"twitter:data1\" content=\"1 minute\" \/>\n<script type=\"application\/ld+json\" class=\"yoast-schema-graph\">{\"@context\":\"https:\\\/\\\/schema.org\",\"@graph\":[{\"@type\":\"WebPage\",\"@id\":\"https:\\\/\\\/shop.iode.tech\\\/fr\\\/product\\\/smartphones-fr\\\/smartphone-reconditionnes\\\/samsung-galaxy-a52s-5g\\\/\",\"url\":\"https:\\\/\\\/shop.iode.tech\\\/fr\\\/product\\\/smartphones-fr\\\/smartphone-reconditionnes\\\/samsung-galaxy-a52s-5g\\\/\",\"name\":\"Samsung Galaxy A52s 5G - iod\u00e9\",\"isPartOf\":{\"@id\":\"https:\\\/\\\/shop.iode.tech\\\/fr\\\/#website\"},\"primaryImageOfPage\":{\"@id\":\"https:\\\/\\\/shop.iode.tech\\\/fr\\\/product\\\/smartphones-fr\\\/smartphone-reconditionnes\\\/samsung-galaxy-a52s-5g\\\/#primaryimage\"},\"image\":{\"@id\":\"https:\\\/\\\/shop.iode.tech\\\/fr\\\/product\\\/smartphones-fr\\\/smartphone-reconditionnes\\\/samsung-galaxy-a52s-5g\\\/#primaryimage\"},\"thumbnailUrl\":\"https:\\\/\\\/shop.iode.tech\\\/wp-content\\\/uploads\\\/2023\\\/08\\\/A52S_1000x1000.png\",\"datePublished\":\"2023-08-31T14:24:29+00:00\",\"dateModified\":\"2026-03-27T13:21:12+00:00\",\"description\":\"\u2713 Smartphone 100 % fonctionnel \u2013 performance garantie\u2713 Garantie de 12 mois pour une tranquillit\u00e9 d\u2019esprit totale\u2713 Batterie certifi\u00e9e avec plus de 80 % de sa capacit\u00e9 d\u2019origine \u2013 con\u00e7ue pour durer\u2713 Reconditionn\u00e9 en Europe par des techniciens qualifi\u00e9s et test\u00e9 sur plus de 40 points de contr\u00f4le\u2713 Livraison rapide et fiable en Europe sous 4 \u00e0 8 jours ouvr\u00e9s\",\"breadcrumb\":{\"@id\":\"https:\\\/\\\/shop.iode.tech\\\/fr\\\/product\\\/smartphones-fr\\\/smartphone-reconditionnes\\\/samsung-galaxy-a52s-5g\\\/#breadcrumb\"},\"inLanguage\":\"fr-FR\",\"potentialAction\":[{\"@type\":\"ReadAction\",\"target\":[\"https:\\\/\\\/shop.iode.tech\\\/fr\\\/product\\\/smartphones-fr\\\/smartphone-reconditionnes\\\/samsung-galaxy-a52s-5g\\\/\"]}]},{\"@type\":\"ImageObject\",\"inLanguage\":\"fr-FR\",\"@id\":\"https:\\\/\\\/shop.iode.tech\\\/fr\\\/product\\\/smartphones-fr\\\/smartphone-reconditionnes\\\/samsung-galaxy-a52s-5g\\\/#primaryimage\",\"url\":\"https:\\\/\\\/shop.iode.tech\\\/wp-content\\\/uploads\\\/2023\\\/08\\\/A52S_1000x1000.png\",\"contentUrl\":\"https:\\\/\\\/shop.iode.tech\\\/wp-content\\\/uploads\\\/2023\\\/08\\\/A52S_1000x1000.png\",\"width\":1000,\"height\":1000,\"caption\":\"iod\u00e9 Samsung Galaxy A52s 5G\"},{\"@type\":\"BreadcrumbList\",\"@id\":\"https:\\\/\\\/shop.iode.tech\\\/fr\\\/product\\\/smartphones-fr\\\/smartphone-reconditionnes\\\/samsung-galaxy-a52s-5g\\\/#breadcrumb\",\"itemListElement\":[{\"@type\":\"ListItem\",\"position\":1,\"name\":\"Home\",\"item\":\"https:\\\/\\\/shop.iode.tech\\\/fr\\\/\"},{\"@type\":\"ListItem\",\"position\":2,\"name\":\"Produits\",\"item\":\"https:\\\/\\\/shop.iode.tech\\\/fr\\\/shop\\\/\"},{\"@type\":\"ListItem\",\"position\":3,\"name\":\"Samsung Galaxy A52s 5G\"}]},{\"@type\":\"WebSite\",\"@id\":\"https:\\\/\\\/shop.iode.tech\\\/fr\\\/#website\",\"url\":\"https:\\\/\\\/shop.iode.tech\\\/fr\\\/\",\"name\":\"iod\u00e9\",\"description\":\"Be Smarter Than Your Phone.\",\"publisher\":{\"@id\":\"https:\\\/\\\/shop.iode.tech\\\/fr\\\/#organization\"},\"potentialAction\":[{\"@type\":\"SearchAction\",\"target\":{\"@type\":\"EntryPoint\",\"urlTemplate\":\"https:\\\/\\\/shop.iode.tech\\\/fr\\\/?s={search_term_string}\"},\"query-input\":{\"@type\":\"PropertyValueSpecification\",\"valueRequired\":true,\"valueName\":\"search_term_string\"}}],\"inLanguage\":\"fr-FR\"},{\"@type\":\"Organization\",\"@id\":\"https:\\\/\\\/shop.iode.tech\\\/fr\\\/#organization\",\"name\":\"iod\u00e9\",\"url\":\"https:\\\/\\\/shop.iode.tech\\\/fr\\\/\",\"logo\":{\"@type\":\"ImageObject\",\"inLanguage\":\"fr-FR\",\"@id\":\"https:\\\/\\\/shop.iode.tech\\\/fr\\\/#\\\/schema\\\/logo\\\/image\\\/\",\"url\":\"https:\\\/\\\/iode.tech\\\/wp-content\\\/uploads\\\/2021\\\/03\\\/io_770659.png\",\"contentUrl\":\"https:\\\/\\\/iode.tech\\\/wp-content\\\/uploads\\\/2021\\\/03\\\/io_770659.png\",\"width\":770,\"height\":659,\"caption\":\"iod\u00e9\"},\"image\":{\"@id\":\"https:\\\/\\\/shop.iode.tech\\\/fr\\\/#\\\/schema\\\/logo\\\/image\\\/\"},\"sameAs\":[\"https:\\\/\\\/www.facebook.com\\\/iodephones\",\"https:\\\/\\\/x.com\\\/iode_tech\"]}]}<\/script>\n<!-- \/ Yoast SEO plugin. -->","yoast_head_json":{"title":"Samsung Galaxy A52s 5G - iod\u00e9","description":"\u2713 Smartphone 100 % fonctionnel \u2013 performance garantie\u2713 Garantie de 12 mois pour une tranquillit\u00e9 d\u2019esprit totale\u2713 Batterie certifi\u00e9e avec plus de 80 % de sa capacit\u00e9 d\u2019origine \u2013 con\u00e7ue pour durer\u2713 Reconditionn\u00e9 en Europe par des techniciens qualifi\u00e9s et test\u00e9 sur plus de 40 points de contr\u00f4le\u2713 Livraison rapide et fiable en Europe sous 4 \u00e0 8 jours ouvr\u00e9s","robots":{"index":"index","follow":"follow","max-snippet":"max-snippet:-1","max-image-preview":"max-image-preview:large","max-video-preview":"max-video-preview:-1"},"canonical":"https:\/\/shop.iode.tech\/fr\/product\/smartphones-fr\/smartphone-reconditionnes\/samsung-galaxy-a52s-5g\/","og_locale":"fr_FR","og_type":"article","og_title":"Samsung Galaxy A52s 5G - iod\u00e9","og_description":"\u2713 Smartphone 100 % fonctionnel \u2013 performance garantie\u2713 Garantie de 12 mois pour une tranquillit\u00e9 d\u2019esprit totale\u2713 Batterie certifi\u00e9e avec plus de 80 % de sa capacit\u00e9 d\u2019origine \u2013 con\u00e7ue pour durer\u2713 Reconditionn\u00e9 en Europe par des techniciens qualifi\u00e9s et test\u00e9 sur plus de 40 points de contr\u00f4le\u2713 Livraison rapide et fiable en Europe sous 4 \u00e0 8 jours ouvr\u00e9s","og_url":"https:\/\/shop.iode.tech\/fr\/product\/smartphones-fr\/smartphone-reconditionnes\/samsung-galaxy-a52s-5g\/","og_site_name":"iod\u00e9","article_publisher":"https:\/\/www.facebook.com\/iodephones","article_modified_time":"2026-03-27T13:21:12+00:00","og_image":[{"width":1000,"height":1000,"url":"https:\/\/shop.iode.tech\/wp-content\/uploads\/2023\/08\/A52S_1000x1000.png","type":"image\/png"}],"twitter_card":"summary_large_image","twitter_site":"@iode_tech","twitter_misc":{"Dur\u00e9e de lecture estim\u00e9e":"1 minute"},"schema":{"@context":"https:\/\/schema.org","@graph":[{"@type":"WebPage","@id":"https:\/\/shop.iode.tech\/fr\/product\/smartphones-fr\/smartphone-reconditionnes\/samsung-galaxy-a52s-5g\/","url":"https:\/\/shop.iode.tech\/fr\/product\/smartphones-fr\/smartphone-reconditionnes\/samsung-galaxy-a52s-5g\/","name":"Samsung Galaxy A52s 5G - iod\u00e9","isPartOf":{"@id":"https:\/\/shop.iode.tech\/fr\/#website"},"primaryImageOfPage":{"@id":"https:\/\/shop.iode.tech\/fr\/product\/smartphones-fr\/smartphone-reconditionnes\/samsung-galaxy-a52s-5g\/#primaryimage"},"image":{"@id":"https:\/\/shop.iode.tech\/fr\/product\/smartphones-fr\/smartphone-reconditionnes\/samsung-galaxy-a52s-5g\/#primaryimage"},"thumbnailUrl":"https:\/\/shop.iode.tech\/wp-content\/uploads\/2023\/08\/A52S_1000x1000.png","datePublished":"2023-08-31T14:24:29+00:00","dateModified":"2026-03-27T13:21:12+00:00","description":"\u2713 Smartphone 100 % fonctionnel \u2013 performance garantie\u2713 Garantie de 12 mois pour une tranquillit\u00e9 d\u2019esprit totale\u2713 Batterie certifi\u00e9e avec plus de 80 % de sa capacit\u00e9 d\u2019origine \u2013 con\u00e7ue pour durer\u2713 Reconditionn\u00e9 en Europe par des techniciens qualifi\u00e9s et test\u00e9 sur plus de 40 points de contr\u00f4le\u2713 Livraison rapide et fiable en Europe sous 4 \u00e0 8 jours ouvr\u00e9s","breadcrumb":{"@id":"https:\/\/shop.iode.tech\/fr\/product\/smartphones-fr\/smartphone-reconditionnes\/samsung-galaxy-a52s-5g\/#breadcrumb"},"inLanguage":"fr-FR","potentialAction":[{"@type":"ReadAction","target":["https:\/\/shop.iode.tech\/fr\/product\/smartphones-fr\/smartphone-reconditionnes\/samsung-galaxy-a52s-5g\/"]}]},{"@type":"ImageObject","inLanguage":"fr-FR","@id":"https:\/\/shop.iode.tech\/fr\/product\/smartphones-fr\/smartphone-reconditionnes\/samsung-galaxy-a52s-5g\/#primaryimage","url":"https:\/\/shop.iode.tech\/wp-content\/uploads\/2023\/08\/A52S_1000x1000.png","contentUrl":"https:\/\/shop.iode.tech\/wp-content\/uploads\/2023\/08\/A52S_1000x1000.png","width":1000,"height":1000,"caption":"iod\u00e9 Samsung Galaxy A52s 5G"},{"@type":"BreadcrumbList","@id":"https:\/\/shop.iode.tech\/fr\/product\/smartphones-fr\/smartphone-reconditionnes\/samsung-galaxy-a52s-5g\/#breadcrumb","itemListElement":[{"@type":"ListItem","position":1,"name":"Home","item":"https:\/\/shop.iode.tech\/fr\/"},{"@type":"ListItem","position":2,"name":"Produits","item":"https:\/\/shop.iode.tech\/fr\/shop\/"},{"@type":"ListItem","position":3,"name":"Samsung Galaxy A52s 5G"}]},{"@type":"WebSite","@id":"https:\/\/shop.iode.tech\/fr\/#website","url":"https:\/\/shop.iode.tech\/fr\/","name":"iod\u00e9","description":"Be Smarter Than Your Phone.","publisher":{"@id":"https:\/\/shop.iode.tech\/fr\/#organization"},"potentialAction":[{"@type":"SearchAction","target":{"@type":"EntryPoint","urlTemplate":"https:\/\/shop.iode.tech\/fr\/?s={search_term_string}"},"query-input":{"@type":"PropertyValueSpecification","valueRequired":true,"valueName":"search_term_string"}}],"inLanguage":"fr-FR"},{"@type":"Organization","@id":"https:\/\/shop.iode.tech\/fr\/#organization","name":"iod\u00e9","url":"https:\/\/shop.iode.tech\/fr\/","logo":{"@type":"ImageObject","inLanguage":"fr-FR","@id":"https:\/\/shop.iode.tech\/fr\/#\/schema\/logo\/image\/","url":"https:\/\/iode.tech\/wp-content\/uploads\/2021\/03\/io_770659.png","contentUrl":"https:\/\/iode.tech\/wp-content\/uploads\/2021\/03\/io_770659.png","width":770,"height":659,"caption":"iod\u00e9"},"image":{"@id":"https:\/\/shop.iode.tech\/fr\/#\/schema\/logo\/image\/"},"sameAs":["https:\/\/www.facebook.com\/iodephones","https:\/\/x.com\/iode_tech"]}]}},"_links":{"self":[{"href":"https:\/\/shop.iode.tech\/fr\/wp-json\/wp\/v2\/product\/42221","targetHints":{"allow":["GET"]}}],"collection":[{"href":"https:\/\/shop.iode.tech\/fr\/wp-json\/wp\/v2\/product"}],"about":[{"href":"https:\/\/shop.iode.tech\/fr\/wp-json\/wp\/v2\/types\/product"}],"wp:featuredmedia":[{"embeddable":true,"href":"https:\/\/shop.iode.tech\/fr\/wp-json\/wp\/v2\/media\/41208"}],"wp:attachment":[{"href":"https:\/\/shop.iode.tech\/fr\/wp-json\/wp\/v2\/media?parent=42221"}],"wp:term":[{"taxonomy":"product_brand","embeddable":true,"href":"https:\/\/shop.iode.tech\/fr\/wp-json\/wp\/v2\/product_brand?post=42221"},{"taxonomy":"product_cat","embeddable":true,"href":"https:\/\/shop.iode.tech\/fr\/wp-json\/wp\/v2\/product_cat?post=42221"},{"taxonomy":"product_tag","embeddable":true,"href":"https:\/\/shop.iode.tech\/fr\/wp-json\/wp\/v2\/product_tag?post=42221"}],"curies":[{"name":"wp","href":"https:\/\/api.w.org\/{rel}","templated":true}]}}