{"id":42027,"date":"2021-06-11T12:42:00","date_gmt":"2021-06-11T10:42:00","guid":{"rendered":"https:\/\/shop.iode.tech\/product\/uncategorized\/teracube-2e\/"},"modified":"2025-01-14T13:08:26","modified_gmt":"2025-01-14T12:08:26","slug":"teracube-2e","status":"publish","type":"product","link":"https:\/\/shop.iode.tech\/fr\/product\/smartphones-fr\/smartphones-neufs\/teracube-2e\/","title":{"rendered":"Teracube 2E"},"content":{"rendered":"","protected":false},"excerpt":{"rendered":"<p>\u2713 Garantie de 48 mois<br \/>\n4 \u00e0 7 jours ouvrables de livraison en Europe<\/p>\n<p>Dans la bo\u00eete :<\/p>\n<p>\u2713Etui pour t\u00e9l\u00e9phone biod\u00e9gradable<\/p>\n<p>Ne comprend pas :<\/p>\n<p><a href=\"https:\/\/myteracube.com\/products\/teracube-charger?variant=39254236495921\">Chargeur USB<\/a><\/p>\n","protected":false},"featured_media":40806,"template":"","meta":[],"product_brand":[],"product_cat":[1452,1443],"product_tag":[],"class_list":{"0":"post-42027","1":"product","2":"type-product","3":"status-publish","4":"has-post-thumbnail","6":"product_cat-smartphones-fr","7":"product_cat-smartphones-neufs","8":"sales-flash-overlay","9":"woocommerce-text-align-center","10":"woocommerce-image-align-center","11":"do-quantity-buttons","12":"wc-has-gallery","14":"first","15":"outofstock","16":"taxable","17":"shipping-taxable","18":"purchasable","19":"product-type-variable","20":"has-default-attributes"},"bundled_by":["42028"],"bundle_stock_status":"outofstock","bundle_stock_quantity":0,"bundle_virtual":false,"bundle_layout":"","bundle_add_to_cart_form_location":"","bundle_editable_in_cart":false,"bundle_sold_individually_context":"","bundle_item_grouping":"","bundle_min_size":"","bundle_max_size":"","bundle_price":[],"bundled_items":[],"bundle_sell_ids":[],"yoast_head":"<!-- This site is optimized with the Yoast SEO plugin v27.4 - https:\/\/yoast.com\/product\/yoast-seo-wordpress\/ -->\n<title>Teracube 2E - iod\u00e9<\/title>\n<meta name=\"description\" content=\"\u2713 Garantie de 48 mois 4 \u00e0 7 jours ouvrables de livraison en Europe  Dans la bo\u00eete :  \u2713Etui pour t\u00e9l\u00e9phone biod\u00e9gradable  Ne comprend pas :  Chargeur USB\" \/>\n<meta name=\"robots\" content=\"index, follow, max-snippet:-1, max-image-preview:large, max-video-preview:-1\" \/>\n<link rel=\"canonical\" href=\"https:\/\/shop.iode.tech\/fr\/product\/smartphones-fr\/smartphones-neufs\/teracube-2e\/\" \/>\n<meta property=\"og:locale\" content=\"fr_FR\" \/>\n<meta property=\"og:type\" content=\"article\" \/>\n<meta property=\"og:title\" content=\"Teracube 2E - iod\u00e9\" \/>\n<meta property=\"og:description\" content=\"\u2713 Garantie de 48 mois 4 \u00e0 7 jours ouvrables de livraison en Europe  Dans la bo\u00eete :  \u2713Etui pour t\u00e9l\u00e9phone biod\u00e9gradable  Ne comprend pas :  Chargeur USB\" \/>\n<meta property=\"og:url\" content=\"https:\/\/shop.iode.tech\/fr\/product\/smartphones-fr\/smartphones-neufs\/teracube-2e\/\" \/>\n<meta property=\"og:site_name\" content=\"iod\u00e9\" \/>\n<meta property=\"article:publisher\" content=\"https:\/\/www.facebook.com\/iodephones\" \/>\n<meta property=\"article:modified_time\" content=\"2025-01-14T12:08:26+00:00\" \/>\n<meta property=\"og:image\" content=\"https:\/\/shop.iode.tech\/wp-content\/uploads\/2022\/04\/2E-1000x1000-1.png\" \/>\n\t<meta property=\"og:image:width\" content=\"1000\" \/>\n\t<meta property=\"og:image:height\" content=\"1000\" \/>\n\t<meta property=\"og:image:type\" content=\"image\/png\" \/>\n<meta name=\"twitter:card\" content=\"summary_large_image\" \/>\n<meta name=\"twitter:site\" content=\"@iode_tech\" \/>\n<script type=\"application\/ld+json\" class=\"yoast-schema-graph\">{\"@context\":\"https:\\\/\\\/schema.org\",\"@graph\":[{\"@type\":\"WebPage\",\"@id\":\"https:\\\/\\\/shop.iode.tech\\\/fr\\\/product\\\/smartphones-fr\\\/smartphones-neufs\\\/teracube-2e\\\/\",\"url\":\"https:\\\/\\\/shop.iode.tech\\\/fr\\\/product\\\/smartphones-fr\\\/smartphones-neufs\\\/teracube-2e\\\/\",\"name\":\"Teracube 2E - iod\u00e9\",\"isPartOf\":{\"@id\":\"https:\\\/\\\/shop.iode.tech\\\/fr\\\/#website\"},\"primaryImageOfPage\":{\"@id\":\"https:\\\/\\\/shop.iode.tech\\\/fr\\\/product\\\/smartphones-fr\\\/smartphones-neufs\\\/teracube-2e\\\/#primaryimage\"},\"image\":{\"@id\":\"https:\\\/\\\/shop.iode.tech\\\/fr\\\/product\\\/smartphones-fr\\\/smartphones-neufs\\\/teracube-2e\\\/#primaryimage\"},\"thumbnailUrl\":\"https:\\\/\\\/shop.iode.tech\\\/wp-content\\\/uploads\\\/2022\\\/04\\\/2E-1000x1000-1.png\",\"datePublished\":\"2021-06-11T10:42:00+00:00\",\"dateModified\":\"2025-01-14T12:08:26+00:00\",\"description\":\"\u2713 Garantie de 48 mois 4 \u00e0 7 jours ouvrables de livraison en Europe Dans la bo\u00eete : \u2713Etui pour t\u00e9l\u00e9phone biod\u00e9gradable Ne comprend pas : Chargeur USB\",\"breadcrumb\":{\"@id\":\"https:\\\/\\\/shop.iode.tech\\\/fr\\\/product\\\/smartphones-fr\\\/smartphones-neufs\\\/teracube-2e\\\/#breadcrumb\"},\"inLanguage\":\"fr-FR\",\"potentialAction\":[{\"@type\":\"ReadAction\",\"target\":[\"https:\\\/\\\/shop.iode.tech\\\/fr\\\/product\\\/smartphones-fr\\\/smartphones-neufs\\\/teracube-2e\\\/\"]}]},{\"@type\":\"ImageObject\",\"inLanguage\":\"fr-FR\",\"@id\":\"https:\\\/\\\/shop.iode.tech\\\/fr\\\/product\\\/smartphones-fr\\\/smartphones-neufs\\\/teracube-2e\\\/#primaryimage\",\"url\":\"https:\\\/\\\/shop.iode.tech\\\/wp-content\\\/uploads\\\/2022\\\/04\\\/2E-1000x1000-1.png\",\"contentUrl\":\"https:\\\/\\\/shop.iode.tech\\\/wp-content\\\/uploads\\\/2022\\\/04\\\/2E-1000x1000-1.png\",\"width\":1000,\"height\":1000,\"caption\":\"Teracube 2E iod\u00e9\"},{\"@type\":\"BreadcrumbList\",\"@id\":\"https:\\\/\\\/shop.iode.tech\\\/fr\\\/product\\\/smartphones-fr\\\/smartphones-neufs\\\/teracube-2e\\\/#breadcrumb\",\"itemListElement\":[{\"@type\":\"ListItem\",\"position\":1,\"name\":\"Home\",\"item\":\"https:\\\/\\\/shop.iode.tech\\\/fr\\\/\"},{\"@type\":\"ListItem\",\"position\":2,\"name\":\"Produits\",\"item\":\"https:\\\/\\\/shop.iode.tech\\\/fr\\\/shop\\\/\"},{\"@type\":\"ListItem\",\"position\":3,\"name\":\"Teracube 2E\"}]},{\"@type\":\"WebSite\",\"@id\":\"https:\\\/\\\/shop.iode.tech\\\/fr\\\/#website\",\"url\":\"https:\\\/\\\/shop.iode.tech\\\/fr\\\/\",\"name\":\"iod\u00e9\",\"description\":\"Be Smarter Than Your Phone.\",\"publisher\":{\"@id\":\"https:\\\/\\\/shop.iode.tech\\\/fr\\\/#organization\"},\"potentialAction\":[{\"@type\":\"SearchAction\",\"target\":{\"@type\":\"EntryPoint\",\"urlTemplate\":\"https:\\\/\\\/shop.iode.tech\\\/fr\\\/?s={search_term_string}\"},\"query-input\":{\"@type\":\"PropertyValueSpecification\",\"valueRequired\":true,\"valueName\":\"search_term_string\"}}],\"inLanguage\":\"fr-FR\"},{\"@type\":\"Organization\",\"@id\":\"https:\\\/\\\/shop.iode.tech\\\/fr\\\/#organization\",\"name\":\"iod\u00e9\",\"url\":\"https:\\\/\\\/shop.iode.tech\\\/fr\\\/\",\"logo\":{\"@type\":\"ImageObject\",\"inLanguage\":\"fr-FR\",\"@id\":\"https:\\\/\\\/shop.iode.tech\\\/fr\\\/#\\\/schema\\\/logo\\\/image\\\/\",\"url\":\"https:\\\/\\\/iode.tech\\\/wp-content\\\/uploads\\\/2021\\\/03\\\/io_770659.png\",\"contentUrl\":\"https:\\\/\\\/iode.tech\\\/wp-content\\\/uploads\\\/2021\\\/03\\\/io_770659.png\",\"width\":770,\"height\":659,\"caption\":\"iod\u00e9\"},\"image\":{\"@id\":\"https:\\\/\\\/shop.iode.tech\\\/fr\\\/#\\\/schema\\\/logo\\\/image\\\/\"},\"sameAs\":[\"https:\\\/\\\/www.facebook.com\\\/iodephones\",\"https:\\\/\\\/x.com\\\/iode_tech\"]}]}<\/script>\n<!-- \/ Yoast SEO plugin. -->","yoast_head_json":{"title":"Teracube 2E - iod\u00e9","description":"\u2713 Garantie de 48 mois 4 \u00e0 7 jours ouvrables de livraison en Europe  Dans la bo\u00eete :  \u2713Etui pour t\u00e9l\u00e9phone biod\u00e9gradable  Ne comprend pas :  Chargeur USB","robots":{"index":"index","follow":"follow","max-snippet":"max-snippet:-1","max-image-preview":"max-image-preview:large","max-video-preview":"max-video-preview:-1"},"canonical":"https:\/\/shop.iode.tech\/fr\/product\/smartphones-fr\/smartphones-neufs\/teracube-2e\/","og_locale":"fr_FR","og_type":"article","og_title":"Teracube 2E - iod\u00e9","og_description":"\u2713 Garantie de 48 mois 4 \u00e0 7 jours ouvrables de livraison en Europe  Dans la bo\u00eete :  \u2713Etui pour t\u00e9l\u00e9phone biod\u00e9gradable  Ne comprend pas :  Chargeur USB","og_url":"https:\/\/shop.iode.tech\/fr\/product\/smartphones-fr\/smartphones-neufs\/teracube-2e\/","og_site_name":"iod\u00e9","article_publisher":"https:\/\/www.facebook.com\/iodephones","article_modified_time":"2025-01-14T12:08:26+00:00","og_image":[{"width":1000,"height":1000,"url":"https:\/\/shop.iode.tech\/wp-content\/uploads\/2022\/04\/2E-1000x1000-1.png","type":"image\/png"}],"twitter_card":"summary_large_image","twitter_site":"@iode_tech","schema":{"@context":"https:\/\/schema.org","@graph":[{"@type":"WebPage","@id":"https:\/\/shop.iode.tech\/fr\/product\/smartphones-fr\/smartphones-neufs\/teracube-2e\/","url":"https:\/\/shop.iode.tech\/fr\/product\/smartphones-fr\/smartphones-neufs\/teracube-2e\/","name":"Teracube 2E - iod\u00e9","isPartOf":{"@id":"https:\/\/shop.iode.tech\/fr\/#website"},"primaryImageOfPage":{"@id":"https:\/\/shop.iode.tech\/fr\/product\/smartphones-fr\/smartphones-neufs\/teracube-2e\/#primaryimage"},"image":{"@id":"https:\/\/shop.iode.tech\/fr\/product\/smartphones-fr\/smartphones-neufs\/teracube-2e\/#primaryimage"},"thumbnailUrl":"https:\/\/shop.iode.tech\/wp-content\/uploads\/2022\/04\/2E-1000x1000-1.png","datePublished":"2021-06-11T10:42:00+00:00","dateModified":"2025-01-14T12:08:26+00:00","description":"\u2713 Garantie de 48 mois 4 \u00e0 7 jours ouvrables de livraison en Europe Dans la bo\u00eete : \u2713Etui pour t\u00e9l\u00e9phone biod\u00e9gradable Ne comprend pas : Chargeur USB","breadcrumb":{"@id":"https:\/\/shop.iode.tech\/fr\/product\/smartphones-fr\/smartphones-neufs\/teracube-2e\/#breadcrumb"},"inLanguage":"fr-FR","potentialAction":[{"@type":"ReadAction","target":["https:\/\/shop.iode.tech\/fr\/product\/smartphones-fr\/smartphones-neufs\/teracube-2e\/"]}]},{"@type":"ImageObject","inLanguage":"fr-FR","@id":"https:\/\/shop.iode.tech\/fr\/product\/smartphones-fr\/smartphones-neufs\/teracube-2e\/#primaryimage","url":"https:\/\/shop.iode.tech\/wp-content\/uploads\/2022\/04\/2E-1000x1000-1.png","contentUrl":"https:\/\/shop.iode.tech\/wp-content\/uploads\/2022\/04\/2E-1000x1000-1.png","width":1000,"height":1000,"caption":"Teracube 2E iod\u00e9"},{"@type":"BreadcrumbList","@id":"https:\/\/shop.iode.tech\/fr\/product\/smartphones-fr\/smartphones-neufs\/teracube-2e\/#breadcrumb","itemListElement":[{"@type":"ListItem","position":1,"name":"Home","item":"https:\/\/shop.iode.tech\/fr\/"},{"@type":"ListItem","position":2,"name":"Produits","item":"https:\/\/shop.iode.tech\/fr\/shop\/"},{"@type":"ListItem","position":3,"name":"Teracube 2E"}]},{"@type":"WebSite","@id":"https:\/\/shop.iode.tech\/fr\/#website","url":"https:\/\/shop.iode.tech\/fr\/","name":"iod\u00e9","description":"Be Smarter Than Your Phone.","publisher":{"@id":"https:\/\/shop.iode.tech\/fr\/#organization"},"potentialAction":[{"@type":"SearchAction","target":{"@type":"EntryPoint","urlTemplate":"https:\/\/shop.iode.tech\/fr\/?s={search_term_string}"},"query-input":{"@type":"PropertyValueSpecification","valueRequired":true,"valueName":"search_term_string"}}],"inLanguage":"fr-FR"},{"@type":"Organization","@id":"https:\/\/shop.iode.tech\/fr\/#organization","name":"iod\u00e9","url":"https:\/\/shop.iode.tech\/fr\/","logo":{"@type":"ImageObject","inLanguage":"fr-FR","@id":"https:\/\/shop.iode.tech\/fr\/#\/schema\/logo\/image\/","url":"https:\/\/iode.tech\/wp-content\/uploads\/2021\/03\/io_770659.png","contentUrl":"https:\/\/iode.tech\/wp-content\/uploads\/2021\/03\/io_770659.png","width":770,"height":659,"caption":"iod\u00e9"},"image":{"@id":"https:\/\/shop.iode.tech\/fr\/#\/schema\/logo\/image\/"},"sameAs":["https:\/\/www.facebook.com\/iodephones","https:\/\/x.com\/iode_tech"]}]}},"_links":{"self":[{"href":"https:\/\/shop.iode.tech\/fr\/wp-json\/wp\/v2\/product\/42027","targetHints":{"allow":["GET"]}}],"collection":[{"href":"https:\/\/shop.iode.tech\/fr\/wp-json\/wp\/v2\/product"}],"about":[{"href":"https:\/\/shop.iode.tech\/fr\/wp-json\/wp\/v2\/types\/product"}],"wp:featuredmedia":[{"embeddable":true,"href":"https:\/\/shop.iode.tech\/fr\/wp-json\/wp\/v2\/media\/40806"}],"wp:attachment":[{"href":"https:\/\/shop.iode.tech\/fr\/wp-json\/wp\/v2\/media?parent=42027"}],"wp:term":[{"taxonomy":"product_brand","embeddable":true,"href":"https:\/\/shop.iode.tech\/fr\/wp-json\/wp\/v2\/product_brand?post=42027"},{"taxonomy":"product_cat","embeddable":true,"href":"https:\/\/shop.iode.tech\/fr\/wp-json\/wp\/v2\/product_cat?post=42027"},{"taxonomy":"product_tag","embeddable":true,"href":"https:\/\/shop.iode.tech\/fr\/wp-json\/wp\/v2\/product_tag?post=42027"}],"curies":[{"name":"wp","href":"https:\/\/api.w.org\/{rel}","templated":true}]}}