{"id":59134,"date":"2025-06-27T16:34:26","date_gmt":"2025-06-27T14:34:26","guid":{"rendered":"https:\/\/shop.iode.tech\/?post_type=product&#038;p=59134"},"modified":"2026-02-11T19:30:09","modified_gmt":"2026-02-11T18:30:09","slug":"fairphone-6-bundle","status":"publish","type":"product","link":"https:\/\/shop.iode.tech\/de\/product\/bundles-de\/phone-bundles-de\/fairphone-6-bundle\/","title":{"rendered":"Fairphone 6"},"content":{"rendered":"<div class=\"f_lightbox_text_body\">\n<p class=\"f_text\">Seit mehr als einem Jahrzehnt hat Fairphone neu definiert, wie gro\u00dfartige Technologie aussieht \u2013 langlebige Ger\u00e4te, die mit Sorgfalt f\u00fcr Menschen und Umwelt hergestellt werden. Mit dem neuen Fairphone bringen sie die Innovationen, auf die es ankommt, voran und zwar dort, wo es am wichtigsten ist.<\/p>\n<\/div>\n<div class=\"f_lightbox_text_body\">\n<h5 class=\"f_h_sm\">Langlebig designed<\/h5>\n<p class=\"f_text\">Designed f\u00fcr Langlebigkeit, mit modularer, reparierbarer Hardware und lang anhaltendem Software-Support \u2013 denn je l\u00e4nger dein Smartphone h\u00e4lt, desto kleiner ist sein Fu\u00dfabdruck.<\/p>\n<\/div>\n<div class=\"f_lightbox_text_body\">\n<h5 class=\"f_h_sm\">100 % Elektrom\u00fcll-neutral<\/h5>\n<p class=\"f_text\">F\u00fcr jedes Telefon, das Fairphone verkauft, nehmen sie eines zur\u00fcck. Das bedeutet weniger Elektrom\u00fcll und mehr Kreislaufnutzung durch Wiederverwendung, Reparatur und Recycling.<\/p>\n<\/div>\n<div class=\"f_lightbox_text_body\">\n<h5 class=\"f_h_sm\">Mehr als 50 % faire oder recycelte Materialien<\/h5>\n<h6 class=\"f_h_xs\">Jetzt mit mehr fairen oder recycelten Materialien als je zuvor.<\/h6>\n<p><span class=\"f_text f_1\">Zu den recycelten Materialien geh\u00f6ren:<\/span><\/p>\n<ul class=\"f_list\">\n<li class=\"f_text\">Aluminium, Kupfer, Stahl, Zinn, Indium, Magnesium, Nickel, Kunststoffe, seltene Erden, Zink.<\/li>\n<\/ul>\n<p><span class=\"f_text f_1\">Zu den fair gehandelten Materialien geh\u00f6ren:<\/span><\/p>\n<ul class=\"f_list\">\n<li class=\"f_text\">Fairtrade-Gold, fair abgebautes Silber, Kobalt und Kupfer (\u00fcber Credits) und Wolfram<\/li>\n<\/ul>\n<\/div>\n<div class=\"f_lightbox_text_body\">\n<h5 class=\"f_h_sm\">In fairen Fabriken hergestellt<\/h5>\n<p class=\"f_text\">Die Endmontage erfolgt in einer Fabrik, die existenzsichernde L\u00f6hne zahlt, das Wohlbefinden der Arbeitskr\u00e4fte in den Vordergrund stellt und die Umweltbelastung reduziert.<\/p>\n<\/div>\n<div class=\"f_lightbox_text_body\">\n<h5 class=\"f_h_sm\">Angetrieben von Green Energy<\/h5>\n<p class=\"f_text\">Bei der Herstellung werden erneuerbare Energien eingesetzt, was unsere Klimaziele unterst\u00fctzt und die Emissionen an der Quelle senkt.<\/p>\n<\/div>\n<div class=\"f_lightbox_text_body\">\n<h5 class=\"f_h_sm\">Klima-bewusstes Design<\/h5>\n<p class=\"f_text\">Klima-bewusst bedeutet, langlebige Smartphones zu bauen, Kohlenstoffemissionen zu reduzieren und unserem Planeten etwas zur\u00fcckzugeben.<\/p>\n<\/div>\n<div class=\"f_lightbox_text_body\">\n<h5 class=\"f_h_sm\">Zusammenarbeit mit Lieferanten<\/h5>\n<p class=\"f_text\">Bei der Zusammenarbeit mit den Lieferanten reduziert Fairphone Kohlenstoff an der Quelle \u2013 sie legen Klimaziele fest und nutzen recycelte Materialien wie Aluminium, Magnesium, seltene Erden, Zinn, Nickel, Zink, Kupfer, Kunststoffe und Indium.<\/p>\n<\/div>\n<div class=\"f_lightbox_text_body\">\n<h5 class=\"f_h_sm\">Investitionen in die Umwelt<\/h5>\n<p class=\"f_text\">Fairphone gleicht die verbleibenden Emissionen des Fairphone 6 durch Unterst\u00fctzung von Gold-Standard-Klimaprojekten in Uganda und der Demokratischen Republik Kongo aus \u2013 und reduziert CO\u2082-Emissionen und unterst\u00fctzt die lokale Bev\u00f6lkerung.<\/p>\n<\/div>\n","protected":false},"excerpt":{"rendered":"<p>Seit mehr als einem Jahrzehnt hat Fairphone neu definiert, wie gro\u00dfartige Technologie aussieht \u2013 langlebige Ger\u00e4te, die mit Sorgfalt f\u00fcr Menschen und Umwelt hergestellt werden. Mit dem neuen Fairphone bringen sie die Innovationen, auf die es ankommt, voran und zwar dort, wo es am wichtigsten ist. Langlebig designed Designed f\u00fcr Langlebigkeit, mit modularer, reparierbarer Hardware &#8230; <a title=\"Fairphone 6\" class=\"read-more\" href=\"https:\/\/shop.iode.tech\/de\/product\/bundles-de\/phone-bundles-de\/fairphone-6-bundle\/\" aria-label=\"Mehr Informationen \u00fcber Fairphone 6\">Weiterlesen &#8230;<\/a><\/p>\n","protected":false},"featured_media":59195,"template":"","meta":[],"product_brand":[],"product_cat":[1442,2659],"product_tag":[],"class_list":{"0":"post-59134","1":"product","2":"type-product","3":"status-publish","4":"has-post-thumbnail","6":"product_cat-bundles-de","7":"product_cat-phone-bundles-de","8":"sales-flash-overlay","9":"woocommerce-text-align-center","10":"woocommerce-image-align-center","11":"do-quantity-buttons","13":"first","14":"instock","15":"featured","16":"virtual","17":"purchasable","18":"product-type-bundle"},"bundled_by":[],"bundle_stock_status":"instock","bundle_stock_quantity":"","bundle_virtual":false,"bundle_layout":"default","bundle_add_to_cart_form_location":"default","bundle_editable_in_cart":false,"bundle_sold_individually_context":"product","bundle_item_grouping":"none","bundle_min_size":"","bundle_max_size":"","bundle_price":{"price":{"min":{"incl_tax":"639","excl_tax":"532.5"},"max":{"incl_tax":"","excl_tax":""}},"regular_price":{"min":{"incl_tax":"639","excl_tax":"532.5"},"max":{"incl_tax":"","excl_tax":""}}},"bundled_items":[{"bundled_item_id":2331,"product_id":59142,"menu_order":0,"quantity_min":1,"quantity_max":"","quantity_default":1,"priced_individually":true,"shipped_individually":false,"override_title":false,"title":"Fairphone 6","override_description":false,"description":"Fairphone 6","optional":false,"hide_thumbnail":false,"discount":"","override_variations":false,"allowed_variations":[""],"override_default_variation_attributes":false,"default_variation_attributes":[],"single_product_visibility":"visible","cart_visibility":"visible","order_visibility":"visible","single_product_price_visibility":"visible","cart_price_visibility":"visible","order_price_visibility":"visible","stock_status":"on_backorder"},{"bundled_item_id":2530,"product_id":41893,"menu_order":1,"quantity_min":1,"quantity_max":1,"quantity_default":1,"priced_individually":true,"shipped_individually":true,"override_title":false,"title":"iod\u00e9OS Premium","override_description":false,"description":"iod\u00e9OS Premium","optional":true,"hide_thumbnail":false,"discount":"50","override_variations":false,"allowed_variations":[""],"override_default_variation_attributes":false,"default_variation_attributes":[],"single_product_visibility":"visible","cart_visibility":"visible","order_visibility":"visible","single_product_price_visibility":"visible","cart_price_visibility":"visible","order_price_visibility":"visible","stock_status":"in_stock"}],"bundle_sell_ids":[],"yoast_head":"<!-- This site is optimized with the Yoast SEO plugin v27.3 - https:\/\/yoast.com\/product\/yoast-seo-wordpress\/ -->\n<title>Fairphone 6 - iod\u00e9<\/title>\n<meta name=\"description\" content=\"Seit mehr als einem Jahrzehnt hat Fairphone neu definiert, wie gro\u00dfartige Technologie aussieht \u2013 langlebige Ger\u00e4te, die mit Sorgfalt f\u00fcr Menschen und\" \/>\n<meta name=\"robots\" content=\"index, follow, max-snippet:-1, max-image-preview:large, max-video-preview:-1\" \/>\n<link rel=\"canonical\" href=\"https:\/\/shop.iode.tech\/de\/product\/bundles-de\/phone-bundles-de\/fairphone-6-bundle\/\" \/>\n<meta property=\"og:locale\" content=\"de_DE\" \/>\n<meta property=\"og:type\" content=\"article\" \/>\n<meta property=\"og:title\" content=\"Fairphone 6 - iod\u00e9\" \/>\n<meta property=\"og:description\" content=\"Seit mehr als einem Jahrzehnt hat Fairphone neu definiert, wie gro\u00dfartige Technologie aussieht \u2013 langlebige Ger\u00e4te, die mit Sorgfalt f\u00fcr Menschen und\" \/>\n<meta property=\"og:url\" content=\"https:\/\/shop.iode.tech\/de\/product\/bundles-de\/phone-bundles-de\/fairphone-6-bundle\/\" \/>\n<meta property=\"og:site_name\" content=\"iod\u00e9\" \/>\n<meta property=\"article:publisher\" content=\"https:\/\/www.facebook.com\/iodephones\" \/>\n<meta property=\"article:modified_time\" content=\"2026-02-11T18:30:09+00:00\" \/>\n<meta property=\"og:image\" content=\"https:\/\/shop.iode.tech\/wp-content\/uploads\/2025\/06\/iode-fp6-1000x1000-1.png\" \/>\n\t<meta property=\"og:image:width\" content=\"1000\" \/>\n\t<meta property=\"og:image:height\" content=\"1000\" \/>\n\t<meta property=\"og:image:type\" content=\"image\/png\" \/>\n<meta name=\"twitter:card\" content=\"summary_large_image\" \/>\n<meta name=\"twitter:site\" content=\"@iode_tech\" \/>\n<meta name=\"twitter:label1\" content=\"Gesch\u00e4tzte Lesezeit\" \/>\n\t<meta name=\"twitter:data1\" content=\"2\u00a0Minuten\" \/>\n<script type=\"application\/ld+json\" class=\"yoast-schema-graph\">{\"@context\":\"https:\\\/\\\/schema.org\",\"@graph\":[{\"@type\":\"WebPage\",\"@id\":\"https:\\\/\\\/shop.iode.tech\\\/de\\\/product\\\/bundles-de\\\/phone-bundles-de\\\/fairphone-6-bundle\\\/\",\"url\":\"https:\\\/\\\/shop.iode.tech\\\/de\\\/product\\\/bundles-de\\\/phone-bundles-de\\\/fairphone-6-bundle\\\/\",\"name\":\"Fairphone 6 - iod\u00e9\",\"isPartOf\":{\"@id\":\"https:\\\/\\\/shop.iode.tech\\\/de\\\/#website\"},\"primaryImageOfPage\":{\"@id\":\"https:\\\/\\\/shop.iode.tech\\\/de\\\/product\\\/bundles-de\\\/phone-bundles-de\\\/fairphone-6-bundle\\\/#primaryimage\"},\"image\":{\"@id\":\"https:\\\/\\\/shop.iode.tech\\\/de\\\/product\\\/bundles-de\\\/phone-bundles-de\\\/fairphone-6-bundle\\\/#primaryimage\"},\"thumbnailUrl\":\"https:\\\/\\\/shop.iode.tech\\\/wp-content\\\/uploads\\\/2025\\\/06\\\/iode-fp6-1000x1000-1.png\",\"datePublished\":\"2025-06-27T14:34:26+00:00\",\"dateModified\":\"2026-02-11T18:30:09+00:00\",\"description\":\"Seit mehr als einem Jahrzehnt hat Fairphone neu definiert, wie gro\u00dfartige Technologie aussieht \u2013 langlebige Ger\u00e4te, die mit Sorgfalt f\u00fcr Menschen und\",\"breadcrumb\":{\"@id\":\"https:\\\/\\\/shop.iode.tech\\\/de\\\/product\\\/bundles-de\\\/phone-bundles-de\\\/fairphone-6-bundle\\\/#breadcrumb\"},\"inLanguage\":\"de\",\"potentialAction\":[{\"@type\":\"ReadAction\",\"target\":[\"https:\\\/\\\/shop.iode.tech\\\/de\\\/product\\\/bundles-de\\\/phone-bundles-de\\\/fairphone-6-bundle\\\/\"]}]},{\"@type\":\"ImageObject\",\"inLanguage\":\"de\",\"@id\":\"https:\\\/\\\/shop.iode.tech\\\/de\\\/product\\\/bundles-de\\\/phone-bundles-de\\\/fairphone-6-bundle\\\/#primaryimage\",\"url\":\"https:\\\/\\\/shop.iode.tech\\\/wp-content\\\/uploads\\\/2025\\\/06\\\/iode-fp6-1000x1000-1.png\",\"contentUrl\":\"https:\\\/\\\/shop.iode.tech\\\/wp-content\\\/uploads\\\/2025\\\/06\\\/iode-fp6-1000x1000-1.png\",\"width\":1000,\"height\":1000,\"caption\":\"iod\u00e9 fp6 1000x1000\"},{\"@type\":\"BreadcrumbList\",\"@id\":\"https:\\\/\\\/shop.iode.tech\\\/de\\\/product\\\/bundles-de\\\/phone-bundles-de\\\/fairphone-6-bundle\\\/#breadcrumb\",\"itemListElement\":[{\"@type\":\"ListItem\",\"position\":1,\"name\":\"Home\",\"item\":\"https:\\\/\\\/shop.iode.tech\\\/de\\\/\"},{\"@type\":\"ListItem\",\"position\":2,\"name\":\"Produkte\",\"item\":\"https:\\\/\\\/shop.iode.tech\\\/de\\\/shop\\\/\"},{\"@type\":\"ListItem\",\"position\":3,\"name\":\"Fairphone 6\"}]},{\"@type\":\"WebSite\",\"@id\":\"https:\\\/\\\/shop.iode.tech\\\/de\\\/#website\",\"url\":\"https:\\\/\\\/shop.iode.tech\\\/de\\\/\",\"name\":\"iod\u00e9\",\"description\":\"Be Smarter Than Your Phone.\",\"publisher\":{\"@id\":\"https:\\\/\\\/shop.iode.tech\\\/de\\\/#organization\"},\"potentialAction\":[{\"@type\":\"SearchAction\",\"target\":{\"@type\":\"EntryPoint\",\"urlTemplate\":\"https:\\\/\\\/shop.iode.tech\\\/de\\\/?s={search_term_string}\"},\"query-input\":{\"@type\":\"PropertyValueSpecification\",\"valueRequired\":true,\"valueName\":\"search_term_string\"}}],\"inLanguage\":\"de\"},{\"@type\":\"Organization\",\"@id\":\"https:\\\/\\\/shop.iode.tech\\\/de\\\/#organization\",\"name\":\"iod\u00e9\",\"url\":\"https:\\\/\\\/shop.iode.tech\\\/de\\\/\",\"logo\":{\"@type\":\"ImageObject\",\"inLanguage\":\"de\",\"@id\":\"https:\\\/\\\/shop.iode.tech\\\/de\\\/#\\\/schema\\\/logo\\\/image\\\/\",\"url\":\"https:\\\/\\\/iode.tech\\\/wp-content\\\/uploads\\\/2021\\\/03\\\/io_770659.png\",\"contentUrl\":\"https:\\\/\\\/iode.tech\\\/wp-content\\\/uploads\\\/2021\\\/03\\\/io_770659.png\",\"width\":770,\"height\":659,\"caption\":\"iod\u00e9\"},\"image\":{\"@id\":\"https:\\\/\\\/shop.iode.tech\\\/de\\\/#\\\/schema\\\/logo\\\/image\\\/\"},\"sameAs\":[\"https:\\\/\\\/www.facebook.com\\\/iodephones\",\"https:\\\/\\\/x.com\\\/iode_tech\"]}]}<\/script>\n<!-- \/ Yoast SEO plugin. -->","yoast_head_json":{"title":"Fairphone 6 - iod\u00e9","description":"Seit mehr als einem Jahrzehnt hat Fairphone neu definiert, wie gro\u00dfartige Technologie aussieht \u2013 langlebige Ger\u00e4te, die mit Sorgfalt f\u00fcr Menschen und","robots":{"index":"index","follow":"follow","max-snippet":"max-snippet:-1","max-image-preview":"max-image-preview:large","max-video-preview":"max-video-preview:-1"},"canonical":"https:\/\/shop.iode.tech\/de\/product\/bundles-de\/phone-bundles-de\/fairphone-6-bundle\/","og_locale":"de_DE","og_type":"article","og_title":"Fairphone 6 - iod\u00e9","og_description":"Seit mehr als einem Jahrzehnt hat Fairphone neu definiert, wie gro\u00dfartige Technologie aussieht \u2013 langlebige Ger\u00e4te, die mit Sorgfalt f\u00fcr Menschen und","og_url":"https:\/\/shop.iode.tech\/de\/product\/bundles-de\/phone-bundles-de\/fairphone-6-bundle\/","og_site_name":"iod\u00e9","article_publisher":"https:\/\/www.facebook.com\/iodephones","article_modified_time":"2026-02-11T18:30:09+00:00","og_image":[{"url":"https:\/\/shop.iode.tech\/wp-content\/uploads\/2025\/06\/iode-fp6-1000x1000-1.png","width":1000,"height":1000,"type":"image\/png"}],"twitter_card":"summary_large_image","twitter_site":"@iode_tech","twitter_misc":{"Gesch\u00e4tzte Lesezeit":"2\u00a0Minuten"},"schema":{"@context":"https:\/\/schema.org","@graph":[{"@type":"WebPage","@id":"https:\/\/shop.iode.tech\/de\/product\/bundles-de\/phone-bundles-de\/fairphone-6-bundle\/","url":"https:\/\/shop.iode.tech\/de\/product\/bundles-de\/phone-bundles-de\/fairphone-6-bundle\/","name":"Fairphone 6 - iod\u00e9","isPartOf":{"@id":"https:\/\/shop.iode.tech\/de\/#website"},"primaryImageOfPage":{"@id":"https:\/\/shop.iode.tech\/de\/product\/bundles-de\/phone-bundles-de\/fairphone-6-bundle\/#primaryimage"},"image":{"@id":"https:\/\/shop.iode.tech\/de\/product\/bundles-de\/phone-bundles-de\/fairphone-6-bundle\/#primaryimage"},"thumbnailUrl":"https:\/\/shop.iode.tech\/wp-content\/uploads\/2025\/06\/iode-fp6-1000x1000-1.png","datePublished":"2025-06-27T14:34:26+00:00","dateModified":"2026-02-11T18:30:09+00:00","description":"Seit mehr als einem Jahrzehnt hat Fairphone neu definiert, wie gro\u00dfartige Technologie aussieht \u2013 langlebige Ger\u00e4te, die mit Sorgfalt f\u00fcr Menschen und","breadcrumb":{"@id":"https:\/\/shop.iode.tech\/de\/product\/bundles-de\/phone-bundles-de\/fairphone-6-bundle\/#breadcrumb"},"inLanguage":"de","potentialAction":[{"@type":"ReadAction","target":["https:\/\/shop.iode.tech\/de\/product\/bundles-de\/phone-bundles-de\/fairphone-6-bundle\/"]}]},{"@type":"ImageObject","inLanguage":"de","@id":"https:\/\/shop.iode.tech\/de\/product\/bundles-de\/phone-bundles-de\/fairphone-6-bundle\/#primaryimage","url":"https:\/\/shop.iode.tech\/wp-content\/uploads\/2025\/06\/iode-fp6-1000x1000-1.png","contentUrl":"https:\/\/shop.iode.tech\/wp-content\/uploads\/2025\/06\/iode-fp6-1000x1000-1.png","width":1000,"height":1000,"caption":"iod\u00e9 fp6 1000x1000"},{"@type":"BreadcrumbList","@id":"https:\/\/shop.iode.tech\/de\/product\/bundles-de\/phone-bundles-de\/fairphone-6-bundle\/#breadcrumb","itemListElement":[{"@type":"ListItem","position":1,"name":"Home","item":"https:\/\/shop.iode.tech\/de\/"},{"@type":"ListItem","position":2,"name":"Produkte","item":"https:\/\/shop.iode.tech\/de\/shop\/"},{"@type":"ListItem","position":3,"name":"Fairphone 6"}]},{"@type":"WebSite","@id":"https:\/\/shop.iode.tech\/de\/#website","url":"https:\/\/shop.iode.tech\/de\/","name":"iod\u00e9","description":"Be Smarter Than Your Phone.","publisher":{"@id":"https:\/\/shop.iode.tech\/de\/#organization"},"potentialAction":[{"@type":"SearchAction","target":{"@type":"EntryPoint","urlTemplate":"https:\/\/shop.iode.tech\/de\/?s={search_term_string}"},"query-input":{"@type":"PropertyValueSpecification","valueRequired":true,"valueName":"search_term_string"}}],"inLanguage":"de"},{"@type":"Organization","@id":"https:\/\/shop.iode.tech\/de\/#organization","name":"iod\u00e9","url":"https:\/\/shop.iode.tech\/de\/","logo":{"@type":"ImageObject","inLanguage":"de","@id":"https:\/\/shop.iode.tech\/de\/#\/schema\/logo\/image\/","url":"https:\/\/iode.tech\/wp-content\/uploads\/2021\/03\/io_770659.png","contentUrl":"https:\/\/iode.tech\/wp-content\/uploads\/2021\/03\/io_770659.png","width":770,"height":659,"caption":"iod\u00e9"},"image":{"@id":"https:\/\/shop.iode.tech\/de\/#\/schema\/logo\/image\/"},"sameAs":["https:\/\/www.facebook.com\/iodephones","https:\/\/x.com\/iode_tech"]}]}},"_links":{"self":[{"href":"https:\/\/shop.iode.tech\/de\/wp-json\/wp\/v2\/product\/59134","targetHints":{"allow":["GET"]}}],"collection":[{"href":"https:\/\/shop.iode.tech\/de\/wp-json\/wp\/v2\/product"}],"about":[{"href":"https:\/\/shop.iode.tech\/de\/wp-json\/wp\/v2\/types\/product"}],"wp:featuredmedia":[{"embeddable":true,"href":"https:\/\/shop.iode.tech\/de\/wp-json\/wp\/v2\/media\/59195"}],"wp:attachment":[{"href":"https:\/\/shop.iode.tech\/de\/wp-json\/wp\/v2\/media?parent=59134"}],"wp:term":[{"taxonomy":"product_brand","embeddable":true,"href":"https:\/\/shop.iode.tech\/de\/wp-json\/wp\/v2\/product_brand?post=59134"},{"taxonomy":"product_cat","embeddable":true,"href":"https:\/\/shop.iode.tech\/de\/wp-json\/wp\/v2\/product_cat?post=59134"},{"taxonomy":"product_tag","embeddable":true,"href":"https:\/\/shop.iode.tech\/de\/wp-json\/wp\/v2\/product_tag?post=59134"}],"curies":[{"name":"wp","href":"https:\/\/api.w.org\/{rel}","templated":true}]}}