{"id":59131,"date":"2025-06-27T14:49:01","date_gmt":"2025-06-27T12:49:01","guid":{"rendered":"https:\/\/shop.iode.tech\/?post_type=product&#038;p=59131"},"modified":"2026-01-29T18:19:36","modified_gmt":"2026-01-29T17:19:36","slug":"shiftphone-8-bundle","status":"publish","type":"product","link":"https:\/\/shop.iode.tech\/de\/product\/bundles-de\/phone-bundles-de\/shiftphone-8-bundle\/","title":{"rendered":"SHIFTphone 8"},"content":{"rendered":"<p data-start=\"103\" data-end=\"523\">Das <strong data-start=\"107\" data-end=\"123\">SHIFTphone 8<\/strong> ist das achte Modell von Shift und wird das erste <strong data-start=\"174\" data-end=\"218\">wasserresistente, IP-zertifizierte Ger\u00e4t<\/strong> des Unternehmens sein \u2013 <strong data-start=\"243\" data-end=\"251\">ohne<\/strong> die bekannte Modularit\u00e4t einzuschr\u00e4nken. Ziel von Shift ist es, <strong data-start=\"316\" data-end=\"367\">mindestens Schutz vor zeitweiligem Untertauchen<\/strong> zu gew\u00e4hrleisten. Das Ger\u00e4t verf\u00fcgt au\u00dferdem \u00fcber <strong data-start=\"418\" data-end=\"444\">Hardware-Kill-Switches<\/strong>, die eine sichere Kontrolle \u00fcber Module wie Kameras und Mikrofone erm\u00f6glichen.<\/p>\n<p data-start=\"525\" data-end=\"707\">Wie bereits das SHIFT6mq ist auch das SHIFTphone 8 mit einem <strong data-start=\"586\" data-end=\"627\">energieeffizienten Qualcomm-Prozessor<\/strong>, <strong data-start=\"629\" data-end=\"657\">gro\u00dfem internem Speicher<\/strong> und einem <strong data-start=\"668\" data-end=\"693\">Micro-SDXC-Kartenslot<\/strong> ausgestattet.<\/p>\n<p data-start=\"709\" data-end=\"855\">Ein zentrales Entwicklungsziel ist die Kamera. Hier geht Shift weitere Schritte, um die <strong data-start=\"797\" data-end=\"831\">Bildqualit\u00e4t und Bedienbarkeit<\/strong> nochmals zu verbessern.<\/p>\n<p data-start=\"857\" data-end=\"1081\">Neben Modularit\u00e4t, Wasserschutz, Leistungsf\u00e4higkeit, Kameraqualit\u00e4t und gro\u00dfem Speicher sorgen <strong data-start=\"952\" data-end=\"967\">Android\u2122 14<\/strong> und der <strong data-start=\"976\" data-end=\"1004\">schnell wechselbare Akku<\/strong> daf\u00fcr, dass das SHIFTphone 8 ein <strong data-start=\"1038\" data-end=\"1075\">zuverl\u00e4ssiger Begleiter im Alltag<\/strong> wird.<\/p>\n<p data-start=\"1083\" data-end=\"1664\"><strong data-start=\"1083\" data-end=\"1096\">Garantie:<\/strong><br data-start=\"1096\" data-end=\"1099\" \/>Das SHIFTphone 8.1 wird mit einer <strong data-start=\"1133\" data-end=\"1158\">Garantie von 2 Jahren<\/strong> ab Lieferdatum ausgeliefert.<br data-start=\"1187\" data-end=\"1190\" \/>Die im SHIFTphone 8.1 verbaute <strong data-start=\"1221\" data-end=\"1242\">Universalbatterie<\/strong> hat eine <strong data-start=\"1252\" data-end=\"1279\">Garantie von 12 Monaten<\/strong>.<br data-start=\"1280\" data-end=\"1283\" \/>Es gilt eine <strong data-start=\"1296\" data-end=\"1328\">5-j\u00e4hrige Reparatur-Garantie<\/strong> ab Lieferdatum. Diese garantiert, dass dein SHIFTphone 8.1 auch <strong data-start=\"1393\" data-end=\"1445\">noch 5 Jahre nach dem Kauf repariert werden kann<\/strong> \u2013 jedoch <strong data-start=\"1455\" data-end=\"1464\" data-is-only-node=\"\">nicht<\/strong>, dass die Reparaturkosten \u00fcbernommen werden.<br data-start=\"1509\" data-end=\"1512\" \/>Beispiel: Sollte das Display nach 5 Jahren besch\u00e4digt werden, garantieren wir, dass ein Ersatzdisplay verf\u00fcgbar ist \u2013 die Kosten daf\u00fcr tr\u00e4gst du selbst.<\/p>\n<p data-start=\"1666\" data-end=\"2208\"><strong data-start=\"1666\" data-end=\"1691\">Software-Versprechen:<\/strong><br data-start=\"1691\" data-end=\"1694\" \/>Der im SHIFTphone 8 eingesetzte <strong data-start=\"1726\" data-end=\"1752\">Prozessor von Qualcomm<\/strong> wird laut Hersteller <strong data-start=\"1774\" data-end=\"1808\">bis 2036 offiziell unterst\u00fctzt<\/strong>. Innerhalb dieses Zeitraums garantieren wir <strong data-start=\"1853\" data-end=\"1873\">Android-Upgrades<\/strong> (z.\u202fB. von Android 15 auf 16).<br data-start=\"1904\" data-end=\"1907\" \/>Dar\u00fcber hinaus werden wir durch <strong data-start=\"1939\" data-end=\"1973\">Optimierung der Software-Basis<\/strong> auch nach dem offiziellen Support-Ende weiterhin <strong data-start=\"2023\" data-end=\"2049\">gr\u00f6\u00dfere System-Updates<\/strong> bereitstellen.<br data-start=\"2064\" data-end=\"2067\" \/><strong data-start=\"2067\" data-end=\"2089\">Sicherheitsupdates<\/strong> werden wir <strong data-start=\"2101\" data-end=\"2135\">weit \u00fcber das Jahr 2036 hinaus<\/strong> anbieten \u2013 mit entsprechender technischer und personeller Infrastruktur.<\/p>\n<p data-start=\"2210\" data-end=\"2587\"><strong data-start=\"2210\" data-end=\"2237\">Elektroschrott-Positiv:<\/strong><br data-start=\"2237\" data-end=\"2240\" \/>Das SHIFTphone 8.1 wird <strong data-start=\"2264\" data-end=\"2290\">Elektroschrott-positiv<\/strong> sein. F\u00fcr <strong data-start=\"2301\" data-end=\"2326\">jedes verkaufte Ger\u00e4t<\/strong> bringt Shift \u2013 in Zusammenarbeit mit <strong data-start=\"2364\" data-end=\"2384\">Closing the Loop<\/strong> \u2013 <strong data-start=\"2387\" data-end=\"2443\">ein altes oder defektes Ger\u00e4t aus dem Globalen S\u00fcden<\/strong> nach Europa, wo es <strong data-start=\"2463\" data-end=\"2487\">fachgerecht recycelt<\/strong> wird. Die <strong data-start=\"2498\" data-end=\"2528\">zur\u00fcckgewonnenen Rohstoffe<\/strong> werden unter anderem in neuen SHIFTphones wiederverwendet.<\/p>\n","protected":false},"excerpt":{"rendered":"<p>Das SHIFTphone 8 ist das achte Modell von Shift und wird das erste wasserresistente, IP-zertifizierte Ger\u00e4t des Unternehmens sein \u2013 ohne die bekannte Modularit\u00e4t einzuschr\u00e4nken. Ziel von Shift ist es, mindestens Schutz vor zeitweiligem Untertauchen zu gew\u00e4hrleisten. Das Ger\u00e4t verf\u00fcgt au\u00dferdem \u00fcber Hardware-Kill-Switches, die eine sichere Kontrolle \u00fcber Module wie Kameras und Mikrofone erm\u00f6glichen. Wie &#8230; <a title=\"SHIFTphone 8\" class=\"read-more\" href=\"https:\/\/shop.iode.tech\/de\/product\/bundles-de\/phone-bundles-de\/shiftphone-8-bundle\/\" aria-label=\"Mehr Informationen \u00fcber SHIFTphone 8\">Weiterlesen &#8230;<\/a><\/p>\n","protected":false},"featured_media":64969,"template":"","meta":[],"product_brand":[],"product_cat":[1442,2659],"product_tag":[],"class_list":{"0":"post-59131","1":"product","2":"type-product","3":"status-publish","4":"has-post-thumbnail","6":"product_cat-bundles-de","7":"product_cat-phone-bundles-de","8":"sales-flash-overlay","9":"woocommerce-text-align-center","10":"woocommerce-image-align-center","11":"do-quantity-buttons","12":"wc-has-gallery","14":"first","15":"instock","16":"virtual","17":"purchasable","18":"product-type-bundle"},"bundled_by":[],"bundle_stock_status":"instock","bundle_stock_quantity":"","bundle_virtual":false,"bundle_layout":"default","bundle_add_to_cart_form_location":"default","bundle_editable_in_cart":false,"bundle_sold_individually_context":"product","bundle_item_grouping":"none","bundle_min_size":"","bundle_max_size":"","bundle_price":{"price":{"min":{"incl_tax":"839","excl_tax":"699.17"},"max":{"incl_tax":"","excl_tax":""}},"regular_price":{"min":{"incl_tax":"839","excl_tax":"699.17"},"max":{"incl_tax":"","excl_tax":""}}},"bundled_items":[{"bundled_item_id":2301,"product_id":59118,"menu_order":0,"quantity_min":1,"quantity_max":"","quantity_default":1,"priced_individually":true,"shipped_individually":false,"override_title":false,"title":"SHIFTphone 8","override_description":false,"description":"SHIFTphone 8","optional":false,"hide_thumbnail":false,"discount":"","override_variations":false,"allowed_variations":[""],"override_default_variation_attributes":false,"default_variation_attributes":[],"single_product_visibility":"visible","cart_visibility":"visible","order_visibility":"visible","single_product_price_visibility":"visible","cart_price_visibility":"visible","order_price_visibility":"visible","stock_status":"on_backorder"},{"bundled_item_id":2309,"product_id":56896,"menu_order":1,"quantity_min":1,"quantity_max":1,"quantity_default":1,"priced_individually":true,"shipped_individually":false,"override_title":false,"title":"Hydrogel","override_description":false,"description":"Hydrogel","optional":true,"hide_thumbnail":false,"discount":"33","override_variations":false,"allowed_variations":[""],"override_default_variation_attributes":false,"default_variation_attributes":[],"single_product_visibility":"hidden","cart_visibility":"visible","order_visibility":"hidden","single_product_price_visibility":"visible","cart_price_visibility":"visible","order_price_visibility":"visible","stock_status":"in_stock"},{"bundled_item_id":2440,"product_id":41893,"menu_order":2,"quantity_min":1,"quantity_max":1,"quantity_default":1,"priced_individually":true,"shipped_individually":true,"override_title":false,"title":"iod\u00e9OS Premium","override_description":false,"description":"iod\u00e9OS Premium","optional":true,"hide_thumbnail":false,"discount":"50","override_variations":false,"allowed_variations":[""],"override_default_variation_attributes":false,"default_variation_attributes":[],"single_product_visibility":"visible","cart_visibility":"visible","order_visibility":"visible","single_product_price_visibility":"visible","cart_price_visibility":"visible","order_price_visibility":"visible","stock_status":"in_stock"}],"bundle_sell_ids":[],"yoast_head":"<!-- This site is optimized with the Yoast SEO plugin v27.3 - https:\/\/yoast.com\/product\/yoast-seo-wordpress\/ -->\n<title>SHIFTphone 8 - iod\u00e9<\/title>\n<meta name=\"description\" content=\"Das SHIFTphone 8 ist das achte Modell von Shift und wird das erste wasserresistente, IP-zertifizierte Ger\u00e4t des Unternehmens sein \u2013 ohne die bekannte\" \/>\n<meta name=\"robots\" content=\"index, follow, max-snippet:-1, max-image-preview:large, max-video-preview:-1\" \/>\n<link rel=\"canonical\" href=\"https:\/\/shop.iode.tech\/de\/product\/bundles-de\/phone-bundles-de\/shiftphone-8-bundle\/\" \/>\n<meta property=\"og:locale\" content=\"de_DE\" \/>\n<meta property=\"og:type\" content=\"article\" \/>\n<meta property=\"og:title\" content=\"SHIFTphone 8 - iod\u00e9\" \/>\n<meta property=\"og:description\" content=\"Das SHIFTphone 8 ist das achte Modell von Shift und wird das erste wasserresistente, IP-zertifizierte Ger\u00e4t des Unternehmens sein \u2013 ohne die bekannte\" \/>\n<meta property=\"og:url\" content=\"https:\/\/shop.iode.tech\/de\/product\/bundles-de\/phone-bundles-de\/shiftphone-8-bundle\/\" \/>\n<meta property=\"og:site_name\" content=\"iod\u00e9\" \/>\n<meta property=\"article:publisher\" content=\"https:\/\/www.facebook.com\/iodephones\" \/>\n<meta property=\"article:modified_time\" content=\"2026-01-29T17:19:36+00:00\" \/>\n<meta property=\"og:image\" content=\"https:\/\/shop.iode.tech\/wp-content\/uploads\/2025\/06\/shift8-1.png\" \/>\n\t<meta property=\"og:image:width\" content=\"1000\" \/>\n\t<meta property=\"og:image:height\" content=\"1000\" \/>\n\t<meta property=\"og:image:type\" content=\"image\/png\" \/>\n<meta name=\"twitter:card\" content=\"summary_large_image\" \/>\n<meta name=\"twitter:site\" content=\"@iode_tech\" \/>\n<meta name=\"twitter:label1\" content=\"Gesch\u00e4tzte Lesezeit\" \/>\n\t<meta name=\"twitter:data1\" content=\"2\u00a0Minuten\" \/>\n<script type=\"application\/ld+json\" class=\"yoast-schema-graph\">{\"@context\":\"https:\\\/\\\/schema.org\",\"@graph\":[{\"@type\":\"WebPage\",\"@id\":\"https:\\\/\\\/shop.iode.tech\\\/de\\\/product\\\/bundles-de\\\/phone-bundles-de\\\/shiftphone-8-bundle\\\/\",\"url\":\"https:\\\/\\\/shop.iode.tech\\\/de\\\/product\\\/bundles-de\\\/phone-bundles-de\\\/shiftphone-8-bundle\\\/\",\"name\":\"SHIFTphone 8 - iod\u00e9\",\"isPartOf\":{\"@id\":\"https:\\\/\\\/shop.iode.tech\\\/de\\\/#website\"},\"primaryImageOfPage\":{\"@id\":\"https:\\\/\\\/shop.iode.tech\\\/de\\\/product\\\/bundles-de\\\/phone-bundles-de\\\/shiftphone-8-bundle\\\/#primaryimage\"},\"image\":{\"@id\":\"https:\\\/\\\/shop.iode.tech\\\/de\\\/product\\\/bundles-de\\\/phone-bundles-de\\\/shiftphone-8-bundle\\\/#primaryimage\"},\"thumbnailUrl\":\"https:\\\/\\\/shop.iode.tech\\\/wp-content\\\/uploads\\\/2025\\\/06\\\/shift8-1.png\",\"datePublished\":\"2025-06-27T12:49:01+00:00\",\"dateModified\":\"2026-01-29T17:19:36+00:00\",\"description\":\"Das SHIFTphone 8 ist das achte Modell von Shift und wird das erste wasserresistente, IP-zertifizierte Ger\u00e4t des Unternehmens sein \u2013 ohne die bekannte\",\"breadcrumb\":{\"@id\":\"https:\\\/\\\/shop.iode.tech\\\/de\\\/product\\\/bundles-de\\\/phone-bundles-de\\\/shiftphone-8-bundle\\\/#breadcrumb\"},\"inLanguage\":\"de\",\"potentialAction\":[{\"@type\":\"ReadAction\",\"target\":[\"https:\\\/\\\/shop.iode.tech\\\/de\\\/product\\\/bundles-de\\\/phone-bundles-de\\\/shiftphone-8-bundle\\\/\"]}]},{\"@type\":\"ImageObject\",\"inLanguage\":\"de\",\"@id\":\"https:\\\/\\\/shop.iode.tech\\\/de\\\/product\\\/bundles-de\\\/phone-bundles-de\\\/shiftphone-8-bundle\\\/#primaryimage\",\"url\":\"https:\\\/\\\/shop.iode.tech\\\/wp-content\\\/uploads\\\/2025\\\/06\\\/shift8-1.png\",\"contentUrl\":\"https:\\\/\\\/shop.iode.tech\\\/wp-content\\\/uploads\\\/2025\\\/06\\\/shift8-1.png\",\"width\":1000,\"height\":1000,\"caption\":\"Shift8\"},{\"@type\":\"BreadcrumbList\",\"@id\":\"https:\\\/\\\/shop.iode.tech\\\/de\\\/product\\\/bundles-de\\\/phone-bundles-de\\\/shiftphone-8-bundle\\\/#breadcrumb\",\"itemListElement\":[{\"@type\":\"ListItem\",\"position\":1,\"name\":\"Home\",\"item\":\"https:\\\/\\\/shop.iode.tech\\\/de\\\/\"},{\"@type\":\"ListItem\",\"position\":2,\"name\":\"Produkte\",\"item\":\"https:\\\/\\\/shop.iode.tech\\\/de\\\/shop\\\/\"},{\"@type\":\"ListItem\",\"position\":3,\"name\":\"SHIFTphone 8\"}]},{\"@type\":\"WebSite\",\"@id\":\"https:\\\/\\\/shop.iode.tech\\\/de\\\/#website\",\"url\":\"https:\\\/\\\/shop.iode.tech\\\/de\\\/\",\"name\":\"iod\u00e9\",\"description\":\"Be Smarter Than Your Phone.\",\"publisher\":{\"@id\":\"https:\\\/\\\/shop.iode.tech\\\/de\\\/#organization\"},\"potentialAction\":[{\"@type\":\"SearchAction\",\"target\":{\"@type\":\"EntryPoint\",\"urlTemplate\":\"https:\\\/\\\/shop.iode.tech\\\/de\\\/?s={search_term_string}\"},\"query-input\":{\"@type\":\"PropertyValueSpecification\",\"valueRequired\":true,\"valueName\":\"search_term_string\"}}],\"inLanguage\":\"de\"},{\"@type\":\"Organization\",\"@id\":\"https:\\\/\\\/shop.iode.tech\\\/de\\\/#organization\",\"name\":\"iod\u00e9\",\"url\":\"https:\\\/\\\/shop.iode.tech\\\/de\\\/\",\"logo\":{\"@type\":\"ImageObject\",\"inLanguage\":\"de\",\"@id\":\"https:\\\/\\\/shop.iode.tech\\\/de\\\/#\\\/schema\\\/logo\\\/image\\\/\",\"url\":\"https:\\\/\\\/iode.tech\\\/wp-content\\\/uploads\\\/2021\\\/03\\\/io_770659.png\",\"contentUrl\":\"https:\\\/\\\/iode.tech\\\/wp-content\\\/uploads\\\/2021\\\/03\\\/io_770659.png\",\"width\":770,\"height\":659,\"caption\":\"iod\u00e9\"},\"image\":{\"@id\":\"https:\\\/\\\/shop.iode.tech\\\/de\\\/#\\\/schema\\\/logo\\\/image\\\/\"},\"sameAs\":[\"https:\\\/\\\/www.facebook.com\\\/iodephones\",\"https:\\\/\\\/x.com\\\/iode_tech\"]}]}<\/script>\n<!-- \/ Yoast SEO plugin. -->","yoast_head_json":{"title":"SHIFTphone 8 - iod\u00e9","description":"Das SHIFTphone 8 ist das achte Modell von Shift und wird das erste wasserresistente, IP-zertifizierte Ger\u00e4t des Unternehmens sein \u2013 ohne die bekannte","robots":{"index":"index","follow":"follow","max-snippet":"max-snippet:-1","max-image-preview":"max-image-preview:large","max-video-preview":"max-video-preview:-1"},"canonical":"https:\/\/shop.iode.tech\/de\/product\/bundles-de\/phone-bundles-de\/shiftphone-8-bundle\/","og_locale":"de_DE","og_type":"article","og_title":"SHIFTphone 8 - iod\u00e9","og_description":"Das SHIFTphone 8 ist das achte Modell von Shift und wird das erste wasserresistente, IP-zertifizierte Ger\u00e4t des Unternehmens sein \u2013 ohne die bekannte","og_url":"https:\/\/shop.iode.tech\/de\/product\/bundles-de\/phone-bundles-de\/shiftphone-8-bundle\/","og_site_name":"iod\u00e9","article_publisher":"https:\/\/www.facebook.com\/iodephones","article_modified_time":"2026-01-29T17:19:36+00:00","og_image":[{"url":"https:\/\/shop.iode.tech\/wp-content\/uploads\/2025\/06\/shift8-1.png","width":1000,"height":1000,"type":"image\/png"}],"twitter_card":"summary_large_image","twitter_site":"@iode_tech","twitter_misc":{"Gesch\u00e4tzte Lesezeit":"2\u00a0Minuten"},"schema":{"@context":"https:\/\/schema.org","@graph":[{"@type":"WebPage","@id":"https:\/\/shop.iode.tech\/de\/product\/bundles-de\/phone-bundles-de\/shiftphone-8-bundle\/","url":"https:\/\/shop.iode.tech\/de\/product\/bundles-de\/phone-bundles-de\/shiftphone-8-bundle\/","name":"SHIFTphone 8 - iod\u00e9","isPartOf":{"@id":"https:\/\/shop.iode.tech\/de\/#website"},"primaryImageOfPage":{"@id":"https:\/\/shop.iode.tech\/de\/product\/bundles-de\/phone-bundles-de\/shiftphone-8-bundle\/#primaryimage"},"image":{"@id":"https:\/\/shop.iode.tech\/de\/product\/bundles-de\/phone-bundles-de\/shiftphone-8-bundle\/#primaryimage"},"thumbnailUrl":"https:\/\/shop.iode.tech\/wp-content\/uploads\/2025\/06\/shift8-1.png","datePublished":"2025-06-27T12:49:01+00:00","dateModified":"2026-01-29T17:19:36+00:00","description":"Das SHIFTphone 8 ist das achte Modell von Shift und wird das erste wasserresistente, IP-zertifizierte Ger\u00e4t des Unternehmens sein \u2013 ohne die bekannte","breadcrumb":{"@id":"https:\/\/shop.iode.tech\/de\/product\/bundles-de\/phone-bundles-de\/shiftphone-8-bundle\/#breadcrumb"},"inLanguage":"de","potentialAction":[{"@type":"ReadAction","target":["https:\/\/shop.iode.tech\/de\/product\/bundles-de\/phone-bundles-de\/shiftphone-8-bundle\/"]}]},{"@type":"ImageObject","inLanguage":"de","@id":"https:\/\/shop.iode.tech\/de\/product\/bundles-de\/phone-bundles-de\/shiftphone-8-bundle\/#primaryimage","url":"https:\/\/shop.iode.tech\/wp-content\/uploads\/2025\/06\/shift8-1.png","contentUrl":"https:\/\/shop.iode.tech\/wp-content\/uploads\/2025\/06\/shift8-1.png","width":1000,"height":1000,"caption":"Shift8"},{"@type":"BreadcrumbList","@id":"https:\/\/shop.iode.tech\/de\/product\/bundles-de\/phone-bundles-de\/shiftphone-8-bundle\/#breadcrumb","itemListElement":[{"@type":"ListItem","position":1,"name":"Home","item":"https:\/\/shop.iode.tech\/de\/"},{"@type":"ListItem","position":2,"name":"Produkte","item":"https:\/\/shop.iode.tech\/de\/shop\/"},{"@type":"ListItem","position":3,"name":"SHIFTphone 8"}]},{"@type":"WebSite","@id":"https:\/\/shop.iode.tech\/de\/#website","url":"https:\/\/shop.iode.tech\/de\/","name":"iod\u00e9","description":"Be Smarter Than Your Phone.","publisher":{"@id":"https:\/\/shop.iode.tech\/de\/#organization"},"potentialAction":[{"@type":"SearchAction","target":{"@type":"EntryPoint","urlTemplate":"https:\/\/shop.iode.tech\/de\/?s={search_term_string}"},"query-input":{"@type":"PropertyValueSpecification","valueRequired":true,"valueName":"search_term_string"}}],"inLanguage":"de"},{"@type":"Organization","@id":"https:\/\/shop.iode.tech\/de\/#organization","name":"iod\u00e9","url":"https:\/\/shop.iode.tech\/de\/","logo":{"@type":"ImageObject","inLanguage":"de","@id":"https:\/\/shop.iode.tech\/de\/#\/schema\/logo\/image\/","url":"https:\/\/iode.tech\/wp-content\/uploads\/2021\/03\/io_770659.png","contentUrl":"https:\/\/iode.tech\/wp-content\/uploads\/2021\/03\/io_770659.png","width":770,"height":659,"caption":"iod\u00e9"},"image":{"@id":"https:\/\/shop.iode.tech\/de\/#\/schema\/logo\/image\/"},"sameAs":["https:\/\/www.facebook.com\/iodephones","https:\/\/x.com\/iode_tech"]}]}},"_links":{"self":[{"href":"https:\/\/shop.iode.tech\/de\/wp-json\/wp\/v2\/product\/59131","targetHints":{"allow":["GET"]}}],"collection":[{"href":"https:\/\/shop.iode.tech\/de\/wp-json\/wp\/v2\/product"}],"about":[{"href":"https:\/\/shop.iode.tech\/de\/wp-json\/wp\/v2\/types\/product"}],"wp:featuredmedia":[{"embeddable":true,"href":"https:\/\/shop.iode.tech\/de\/wp-json\/wp\/v2\/media\/64969"}],"wp:attachment":[{"href":"https:\/\/shop.iode.tech\/de\/wp-json\/wp\/v2\/media?parent=59131"}],"wp:term":[{"taxonomy":"product_brand","embeddable":true,"href":"https:\/\/shop.iode.tech\/de\/wp-json\/wp\/v2\/product_brand?post=59131"},{"taxonomy":"product_cat","embeddable":true,"href":"https:\/\/shop.iode.tech\/de\/wp-json\/wp\/v2\/product_cat?post=59131"},{"taxonomy":"product_tag","embeddable":true,"href":"https:\/\/shop.iode.tech\/de\/wp-json\/wp\/v2\/product_tag?post=59131"}],"curies":[{"name":"wp","href":"https:\/\/api.w.org\/{rel}","templated":true}]}}