{"id":42345,"date":"2023-07-04T16:25:46","date_gmt":"2023-07-04T14:25:46","guid":{"rendered":"https:\/\/shop.iode.tech\/product\/uncategorized\/samsung-galaxy-note-10-3\/"},"modified":"2026-01-29T20:22:49","modified_gmt":"2026-01-29T19:22:49","slug":"samsung-note-10-plus-bundle","status":"publish","type":"product","link":"https:\/\/shop.iode.tech\/de\/product\/bundles-de\/phone-bundles-de\/samsung-note-10-plus-bundle\/","title":{"rendered":"Samsung Galaxy Note 10+"},"content":{"rendered":"","protected":false},"excerpt":{"rendered":"","protected":false},"featured_media":40791,"template":"","meta":[],"product_brand":[],"product_cat":[1442,2659],"product_tag":[],"class_list":{"0":"post-42345","1":"product","2":"type-product","3":"status-publish","4":"has-post-thumbnail","6":"product_cat-bundles-de","7":"product_cat-phone-bundles-de","8":"sales-flash-overlay","9":"woocommerce-text-align-center","10":"woocommerce-image-align-center","11":"do-quantity-buttons","13":"first","14":"instock","15":"virtual","16":"purchasable","17":"product-type-bundle"},"bundled_by":[],"bundle_stock_status":"instock","bundle_stock_quantity":"","bundle_virtual":false,"bundle_layout":"default","bundle_add_to_cart_form_location":"default","bundle_editable_in_cart":false,"bundle_sold_individually_context":"product","bundle_item_grouping":"none","bundle_min_size":"","bundle_max_size":"","bundle_price":{"price":{"min":{"incl_tax":"343","excl_tax":"343"},"max":{"incl_tax":"","excl_tax":""}},"regular_price":{"min":{"incl_tax":"343","excl_tax":"343"},"max":{"incl_tax":"","excl_tax":""}}},"bundled_items":[{"bundled_item_id":1104,"product_id":42304,"menu_order":0,"quantity_min":1,"quantity_max":"","quantity_default":1,"priced_individually":true,"shipped_individually":false,"override_title":false,"title":"Samsung Galaxy Note 10+","override_description":false,"description":"Samsung Galaxy Note 10+","optional":false,"hide_thumbnail":false,"discount":"","override_variations":false,"allowed_variations":[""],"override_default_variation_attributes":false,"default_variation_attributes":[],"single_product_visibility":"visible","cart_visibility":"visible","order_visibility":"visible","single_product_price_visibility":"visible","cart_price_visibility":"visible","order_price_visibility":"visible","stock_status":"in_stock"},{"bundled_item_id":1109,"product_id":41893,"menu_order":1,"quantity_min":1,"quantity_max":1,"quantity_default":1,"priced_individually":true,"shipped_individually":true,"override_title":false,"title":"iod\u00e9OS Premium","override_description":false,"description":"iod\u00e9OS Premium","optional":true,"hide_thumbnail":false,"discount":"50","override_variations":false,"allowed_variations":[""],"override_default_variation_attributes":false,"default_variation_attributes":[],"single_product_visibility":"visible","cart_visibility":"visible","order_visibility":"visible","single_product_price_visibility":"visible","cart_price_visibility":"visible","order_price_visibility":"visible","stock_status":"in_stock"},{"bundled_item_id":2168,"product_id":56896,"menu_order":2,"quantity_min":1,"quantity_max":1,"quantity_default":1,"priced_individually":true,"shipped_individually":false,"override_title":false,"title":"Hydrogel","override_description":false,"description":"Hydrogel","optional":true,"hide_thumbnail":false,"discount":"33","override_variations":false,"allowed_variations":[""],"override_default_variation_attributes":false,"default_variation_attributes":[],"single_product_visibility":"hidden","cart_visibility":"hidden","order_visibility":"hidden","single_product_price_visibility":"visible","cart_price_visibility":"visible","order_price_visibility":"visible","stock_status":"in_stock"},{"bundled_item_id":1105,"product_id":41954,"menu_order":3,"quantity_min":1,"quantity_max":1,"quantity_default":1,"priced_individually":true,"shipped_individually":false,"override_title":false,"title":"iod\u00e9 Handyh\u00fclle aus Holz f\u00fcr Samsung Galaxy Note 10+","override_description":false,"description":"iod\u00e9 Handyh\u00fclle aus Holz f\u00fcr Samsung Galaxy Note 10+","optional":true,"hide_thumbnail":false,"discount":"","override_variations":false,"allowed_variations":[""],"override_default_variation_attributes":false,"default_variation_attributes":[],"single_product_visibility":"visible","cart_visibility":"visible","order_visibility":"visible","single_product_price_visibility":"visible","cart_price_visibility":"visible","order_price_visibility":"visible","stock_status":"in_stock"},{"bundled_item_id":1106,"product_id":41904,"menu_order":4,"quantity_min":1,"quantity_max":1,"quantity_default":1,"priced_individually":true,"shipped_individually":false,"override_title":false,"title":"Ladeger\u00e4t","override_description":false,"description":"Ladeger\u00e4t","optional":true,"hide_thumbnail":false,"discount":"","override_variations":false,"allowed_variations":[""],"override_default_variation_attributes":false,"default_variation_attributes":[],"single_product_visibility":"visible","cart_visibility":"visible","order_visibility":"visible","single_product_price_visibility":"visible","cart_price_visibility":"visible","order_price_visibility":"visible","stock_status":"in_stock"},{"bundled_item_id":1108,"product_id":41907,"menu_order":5,"quantity_min":1,"quantity_max":1,"quantity_default":1,"priced_individually":true,"shipped_individually":false,"override_title":false,"title":"Kopfh\u00f6rer","override_description":false,"description":"Kopfh\u00f6rer","optional":true,"hide_thumbnail":false,"discount":"","override_variations":false,"allowed_variations":[""],"override_default_variation_attributes":false,"default_variation_attributes":[],"single_product_visibility":"visible","cart_visibility":"visible","order_visibility":"visible","single_product_price_visibility":"visible","cart_price_visibility":"visible","order_price_visibility":"visible","stock_status":"in_stock"},{"bundled_item_id":1107,"product_id":41899,"menu_order":6,"quantity_min":1,"quantity_max":1,"quantity_default":1,"priced_individually":true,"shipped_individually":false,"override_title":false,"title":"USB-C Kabel","override_description":false,"description":"USB-C Kabel","optional":true,"hide_thumbnail":false,"discount":"","override_variations":false,"allowed_variations":[""],"override_default_variation_attributes":false,"default_variation_attributes":[],"single_product_visibility":"visible","cart_visibility":"visible","order_visibility":"visible","single_product_price_visibility":"visible","cart_price_visibility":"visible","order_price_visibility":"visible","stock_status":"in_stock"}],"bundle_sell_ids":[],"yoast_head":"<!-- This site is optimized with the Yoast SEO plugin v27.3 - https:\/\/yoast.com\/product\/yoast-seo-wordpress\/ -->\n<title>Samsung Galaxy Note 10+ - iod\u00e9<\/title>\n<meta name=\"robots\" content=\"index, follow, max-snippet:-1, max-image-preview:large, max-video-preview:-1\" \/>\n<link rel=\"canonical\" href=\"https:\/\/shop.iode.tech\/de\/product\/bundles-de\/phone-bundles-de\/samsung-note-10-plus-bundle\/\" \/>\n<meta property=\"og:locale\" content=\"de_DE\" \/>\n<meta property=\"og:type\" content=\"article\" \/>\n<meta property=\"og:title\" content=\"Samsung Galaxy Note 10+ - iod\u00e9\" \/>\n<meta property=\"og:url\" content=\"https:\/\/shop.iode.tech\/de\/product\/bundles-de\/phone-bundles-de\/samsung-note-10-plus-bundle\/\" \/>\n<meta property=\"og:site_name\" content=\"iod\u00e9\" \/>\n<meta property=\"article:publisher\" content=\"https:\/\/www.facebook.com\/iodephones\" \/>\n<meta property=\"article:modified_time\" content=\"2026-01-29T19:22:49+00:00\" \/>\n<meta property=\"og:image\" content=\"https:\/\/shop.iode.tech\/wp-content\/uploads\/2021\/08\/samsung-note-10-1000x1000-1.png\" \/>\n\t<meta property=\"og:image:width\" content=\"1000\" \/>\n\t<meta property=\"og:image:height\" content=\"1000\" \/>\n\t<meta property=\"og:image:type\" content=\"image\/png\" \/>\n<meta name=\"twitter:card\" content=\"summary_large_image\" \/>\n<meta name=\"twitter:site\" content=\"@iode_tech\" \/>\n<meta name=\"twitter:label1\" content=\"Gesch\u00e4tzte Lesezeit\" \/>\n\t<meta name=\"twitter:data1\" content=\"1\u00a0Minute\" \/>\n<script type=\"application\/ld+json\" class=\"yoast-schema-graph\">{\"@context\":\"https:\\\/\\\/schema.org\",\"@graph\":[{\"@type\":\"WebPage\",\"@id\":\"https:\\\/\\\/shop.iode.tech\\\/de\\\/product\\\/bundles-de\\\/phone-bundles-de\\\/samsung-note-10-plus-bundle\\\/\",\"url\":\"https:\\\/\\\/shop.iode.tech\\\/de\\\/product\\\/bundles-de\\\/phone-bundles-de\\\/samsung-note-10-plus-bundle\\\/\",\"name\":\"Samsung Galaxy Note 10+ - iod\u00e9\",\"isPartOf\":{\"@id\":\"https:\\\/\\\/shop.iode.tech\\\/de\\\/#website\"},\"primaryImageOfPage\":{\"@id\":\"https:\\\/\\\/shop.iode.tech\\\/de\\\/product\\\/bundles-de\\\/phone-bundles-de\\\/samsung-note-10-plus-bundle\\\/#primaryimage\"},\"image\":{\"@id\":\"https:\\\/\\\/shop.iode.tech\\\/de\\\/product\\\/bundles-de\\\/phone-bundles-de\\\/samsung-note-10-plus-bundle\\\/#primaryimage\"},\"thumbnailUrl\":\"https:\\\/\\\/shop.iode.tech\\\/wp-content\\\/uploads\\\/2021\\\/08\\\/samsung-note-10-1000x1000-1.png\",\"datePublished\":\"2023-07-04T14:25:46+00:00\",\"dateModified\":\"2026-01-29T19:22:49+00:00\",\"breadcrumb\":{\"@id\":\"https:\\\/\\\/shop.iode.tech\\\/de\\\/product\\\/bundles-de\\\/phone-bundles-de\\\/samsung-note-10-plus-bundle\\\/#breadcrumb\"},\"inLanguage\":\"de\",\"potentialAction\":[{\"@type\":\"ReadAction\",\"target\":[\"https:\\\/\\\/shop.iode.tech\\\/de\\\/product\\\/bundles-de\\\/phone-bundles-de\\\/samsung-note-10-plus-bundle\\\/\"]}]},{\"@type\":\"ImageObject\",\"inLanguage\":\"de\",\"@id\":\"https:\\\/\\\/shop.iode.tech\\\/de\\\/product\\\/bundles-de\\\/phone-bundles-de\\\/samsung-note-10-plus-bundle\\\/#primaryimage\",\"url\":\"https:\\\/\\\/shop.iode.tech\\\/wp-content\\\/uploads\\\/2021\\\/08\\\/samsung-note-10-1000x1000-1.png\",\"contentUrl\":\"https:\\\/\\\/shop.iode.tech\\\/wp-content\\\/uploads\\\/2021\\\/08\\\/samsung-note-10-1000x1000-1.png\",\"width\":1000,\"height\":1000},{\"@type\":\"BreadcrumbList\",\"@id\":\"https:\\\/\\\/shop.iode.tech\\\/de\\\/product\\\/bundles-de\\\/phone-bundles-de\\\/samsung-note-10-plus-bundle\\\/#breadcrumb\",\"itemListElement\":[{\"@type\":\"ListItem\",\"position\":1,\"name\":\"Home\",\"item\":\"https:\\\/\\\/shop.iode.tech\\\/de\\\/\"},{\"@type\":\"ListItem\",\"position\":2,\"name\":\"Produkte\",\"item\":\"https:\\\/\\\/shop.iode.tech\\\/de\\\/shop\\\/\"},{\"@type\":\"ListItem\",\"position\":3,\"name\":\"Samsung Galaxy Note 10+\"}]},{\"@type\":\"WebSite\",\"@id\":\"https:\\\/\\\/shop.iode.tech\\\/de\\\/#website\",\"url\":\"https:\\\/\\\/shop.iode.tech\\\/de\\\/\",\"name\":\"iod\u00e9\",\"description\":\"Be Smarter Than Your Phone.\",\"publisher\":{\"@id\":\"https:\\\/\\\/shop.iode.tech\\\/de\\\/#organization\"},\"potentialAction\":[{\"@type\":\"SearchAction\",\"target\":{\"@type\":\"EntryPoint\",\"urlTemplate\":\"https:\\\/\\\/shop.iode.tech\\\/de\\\/?s={search_term_string}\"},\"query-input\":{\"@type\":\"PropertyValueSpecification\",\"valueRequired\":true,\"valueName\":\"search_term_string\"}}],\"inLanguage\":\"de\"},{\"@type\":\"Organization\",\"@id\":\"https:\\\/\\\/shop.iode.tech\\\/de\\\/#organization\",\"name\":\"iod\u00e9\",\"url\":\"https:\\\/\\\/shop.iode.tech\\\/de\\\/\",\"logo\":{\"@type\":\"ImageObject\",\"inLanguage\":\"de\",\"@id\":\"https:\\\/\\\/shop.iode.tech\\\/de\\\/#\\\/schema\\\/logo\\\/image\\\/\",\"url\":\"https:\\\/\\\/iode.tech\\\/wp-content\\\/uploads\\\/2021\\\/03\\\/io_770659.png\",\"contentUrl\":\"https:\\\/\\\/iode.tech\\\/wp-content\\\/uploads\\\/2021\\\/03\\\/io_770659.png\",\"width\":770,\"height\":659,\"caption\":\"iod\u00e9\"},\"image\":{\"@id\":\"https:\\\/\\\/shop.iode.tech\\\/de\\\/#\\\/schema\\\/logo\\\/image\\\/\"},\"sameAs\":[\"https:\\\/\\\/www.facebook.com\\\/iodephones\",\"https:\\\/\\\/x.com\\\/iode_tech\"]}]}<\/script>\n<!-- \/ Yoast SEO plugin. -->","yoast_head_json":{"title":"Samsung Galaxy Note 10+ - iod\u00e9","robots":{"index":"index","follow":"follow","max-snippet":"max-snippet:-1","max-image-preview":"max-image-preview:large","max-video-preview":"max-video-preview:-1"},"canonical":"https:\/\/shop.iode.tech\/de\/product\/bundles-de\/phone-bundles-de\/samsung-note-10-plus-bundle\/","og_locale":"de_DE","og_type":"article","og_title":"Samsung Galaxy Note 10+ - iod\u00e9","og_url":"https:\/\/shop.iode.tech\/de\/product\/bundles-de\/phone-bundles-de\/samsung-note-10-plus-bundle\/","og_site_name":"iod\u00e9","article_publisher":"https:\/\/www.facebook.com\/iodephones","article_modified_time":"2026-01-29T19:22:49+00:00","og_image":[{"width":1000,"height":1000,"url":"https:\/\/shop.iode.tech\/wp-content\/uploads\/2021\/08\/samsung-note-10-1000x1000-1.png","type":"image\/png"}],"twitter_card":"summary_large_image","twitter_site":"@iode_tech","twitter_misc":{"Gesch\u00e4tzte Lesezeit":"1\u00a0Minute"},"schema":{"@context":"https:\/\/schema.org","@graph":[{"@type":"WebPage","@id":"https:\/\/shop.iode.tech\/de\/product\/bundles-de\/phone-bundles-de\/samsung-note-10-plus-bundle\/","url":"https:\/\/shop.iode.tech\/de\/product\/bundles-de\/phone-bundles-de\/samsung-note-10-plus-bundle\/","name":"Samsung Galaxy Note 10+ - iod\u00e9","isPartOf":{"@id":"https:\/\/shop.iode.tech\/de\/#website"},"primaryImageOfPage":{"@id":"https:\/\/shop.iode.tech\/de\/product\/bundles-de\/phone-bundles-de\/samsung-note-10-plus-bundle\/#primaryimage"},"image":{"@id":"https:\/\/shop.iode.tech\/de\/product\/bundles-de\/phone-bundles-de\/samsung-note-10-plus-bundle\/#primaryimage"},"thumbnailUrl":"https:\/\/shop.iode.tech\/wp-content\/uploads\/2021\/08\/samsung-note-10-1000x1000-1.png","datePublished":"2023-07-04T14:25:46+00:00","dateModified":"2026-01-29T19:22:49+00:00","breadcrumb":{"@id":"https:\/\/shop.iode.tech\/de\/product\/bundles-de\/phone-bundles-de\/samsung-note-10-plus-bundle\/#breadcrumb"},"inLanguage":"de","potentialAction":[{"@type":"ReadAction","target":["https:\/\/shop.iode.tech\/de\/product\/bundles-de\/phone-bundles-de\/samsung-note-10-plus-bundle\/"]}]},{"@type":"ImageObject","inLanguage":"de","@id":"https:\/\/shop.iode.tech\/de\/product\/bundles-de\/phone-bundles-de\/samsung-note-10-plus-bundle\/#primaryimage","url":"https:\/\/shop.iode.tech\/wp-content\/uploads\/2021\/08\/samsung-note-10-1000x1000-1.png","contentUrl":"https:\/\/shop.iode.tech\/wp-content\/uploads\/2021\/08\/samsung-note-10-1000x1000-1.png","width":1000,"height":1000},{"@type":"BreadcrumbList","@id":"https:\/\/shop.iode.tech\/de\/product\/bundles-de\/phone-bundles-de\/samsung-note-10-plus-bundle\/#breadcrumb","itemListElement":[{"@type":"ListItem","position":1,"name":"Home","item":"https:\/\/shop.iode.tech\/de\/"},{"@type":"ListItem","position":2,"name":"Produkte","item":"https:\/\/shop.iode.tech\/de\/shop\/"},{"@type":"ListItem","position":3,"name":"Samsung Galaxy Note 10+"}]},{"@type":"WebSite","@id":"https:\/\/shop.iode.tech\/de\/#website","url":"https:\/\/shop.iode.tech\/de\/","name":"iod\u00e9","description":"Be Smarter Than Your Phone.","publisher":{"@id":"https:\/\/shop.iode.tech\/de\/#organization"},"potentialAction":[{"@type":"SearchAction","target":{"@type":"EntryPoint","urlTemplate":"https:\/\/shop.iode.tech\/de\/?s={search_term_string}"},"query-input":{"@type":"PropertyValueSpecification","valueRequired":true,"valueName":"search_term_string"}}],"inLanguage":"de"},{"@type":"Organization","@id":"https:\/\/shop.iode.tech\/de\/#organization","name":"iod\u00e9","url":"https:\/\/shop.iode.tech\/de\/","logo":{"@type":"ImageObject","inLanguage":"de","@id":"https:\/\/shop.iode.tech\/de\/#\/schema\/logo\/image\/","url":"https:\/\/iode.tech\/wp-content\/uploads\/2021\/03\/io_770659.png","contentUrl":"https:\/\/iode.tech\/wp-content\/uploads\/2021\/03\/io_770659.png","width":770,"height":659,"caption":"iod\u00e9"},"image":{"@id":"https:\/\/shop.iode.tech\/de\/#\/schema\/logo\/image\/"},"sameAs":["https:\/\/www.facebook.com\/iodephones","https:\/\/x.com\/iode_tech"]}]}},"_links":{"self":[{"href":"https:\/\/shop.iode.tech\/de\/wp-json\/wp\/v2\/product\/42345","targetHints":{"allow":["GET"]}}],"collection":[{"href":"https:\/\/shop.iode.tech\/de\/wp-json\/wp\/v2\/product"}],"about":[{"href":"https:\/\/shop.iode.tech\/de\/wp-json\/wp\/v2\/types\/product"}],"wp:featuredmedia":[{"embeddable":true,"href":"https:\/\/shop.iode.tech\/de\/wp-json\/wp\/v2\/media\/40791"}],"wp:attachment":[{"href":"https:\/\/shop.iode.tech\/de\/wp-json\/wp\/v2\/media?parent=42345"}],"wp:term":[{"taxonomy":"product_brand","embeddable":true,"href":"https:\/\/shop.iode.tech\/de\/wp-json\/wp\/v2\/product_brand?post=42345"},{"taxonomy":"product_cat","embeddable":true,"href":"https:\/\/shop.iode.tech\/de\/wp-json\/wp\/v2\/product_cat?post=42345"},{"taxonomy":"product_tag","embeddable":true,"href":"https:\/\/shop.iode.tech\/de\/wp-json\/wp\/v2\/product_tag?post=42345"}],"curies":[{"name":"wp","href":"https:\/\/api.w.org\/{rel}","templated":true}]}}