{"id":42224,"date":"2023-08-31T15:24:29","date_gmt":"2023-08-31T14:24:29","guid":{"rendered":"https:\/\/shop.iode.tech\/product\/uncategorized\/samsung-galaxy-a52s-5g\/"},"modified":"2026-03-27T14:21:12","modified_gmt":"2026-03-27T13:21:12","slug":"samsung-galaxy-a52s-5g","status":"publish","type":"product","link":"https:\/\/shop.iode.tech\/de\/product\/smartphones-de\/generalueberholte-smartphones\/samsung-galaxy-a52s-5g\/","title":{"rendered":"Samsung Galaxy A52s 5G"},"content":{"rendered":"","protected":false},"excerpt":{"rendered":"<p>\u2713 Voll funktionsf\u00e4higes Smartphone \u2013 100 % Leistungsversprechen<br data-start=\"959\" data-end=\"962\" \/>\u2713 12 Monate Garantie f\u00fcr sorgenfreie Nutzung<br data-start=\"1006\" data-end=\"1009\" \/>\u2713 Zertifizierter Akku mit \u00fcber 80 % der urspr\u00fcnglichen Kapazit\u00e4t \u2013 f\u00fcr langanhaltende Leistung<br data-start=\"1103\" data-end=\"1106\" \/>\u2713 Fachm\u00e4nnisch in Europa general\u00fcberholt und an \u00fcber 40 Qualit\u00e4tskontrollen getestet<br data-start=\"1190\" data-end=\"1193\" \/>\u2713 Schnelle und zuverl\u00e4ssige Lieferung in ganz Europa innerhalb von 4 bis 8 Werktagen<\/p>\n","protected":false},"featured_media":41209,"template":"","meta":[],"product_brand":[],"product_cat":[1450,1457],"product_tag":[1456],"class_list":{"0":"post-42224","1":"product","2":"type-product","3":"status-publish","4":"has-post-thumbnail","6":"product_cat-generalueberholte-smartphones","7":"product_cat-smartphones-de","8":"product_tag-generaluberholte","9":"sales-flash-overlay","10":"woocommerce-text-align-center","11":"woocommerce-image-align-center","12":"do-quantity-buttons","13":"wc-has-gallery","15":"first","16":"onbackorder","17":"taxable","18":"shipping-taxable","19":"purchasable","20":"product-type-variable","21":"has-default-attributes"},"bundled_by":["42229"],"bundle_stock_status":"onbackorder","bundle_stock_quantity":null,"bundle_virtual":false,"bundle_layout":"","bundle_add_to_cart_form_location":"","bundle_editable_in_cart":false,"bundle_sold_individually_context":"","bundle_item_grouping":"","bundle_min_size":"","bundle_max_size":"","bundle_price":[],"bundled_items":[],"bundle_sell_ids":[],"yoast_head":"<!-- This site is optimized with the Yoast SEO plugin v27.3 - https:\/\/yoast.com\/product\/yoast-seo-wordpress\/ -->\n<title>Samsung Galaxy A52s 5G - iod\u00e9<\/title>\n<meta name=\"description\" content=\"\u2713 Voll funktionsf\u00e4higes Smartphone \u2013 100 % Leistungsversprechen\u2713 12 Monate Garantie f\u00fcr sorgenfreie Nutzung\u2713 Zertifizierter Akku mit \u00fcber 80 % der urspr\u00fcnglichen Kapazit\u00e4t \u2013 f\u00fcr langanhaltende Leistung\u2713 Fachm\u00e4nnisch in Europa general\u00fcberholt und an \u00fcber 40 Qualit\u00e4tskontrollen getestet\u2713 Schnelle und zuverl\u00e4ssige Lieferung in ganz Europa innerhalb von 4 bis 8 Werktagen\" \/>\n<meta name=\"robots\" content=\"index, follow, max-snippet:-1, max-image-preview:large, max-video-preview:-1\" \/>\n<link rel=\"canonical\" href=\"https:\/\/shop.iode.tech\/de\/product\/smartphones-de\/generalueberholte-smartphones\/samsung-galaxy-a52s-5g\/\" \/>\n<meta property=\"og:locale\" content=\"de_DE\" \/>\n<meta property=\"og:type\" content=\"article\" \/>\n<meta property=\"og:title\" content=\"Samsung Galaxy A52s 5G - iod\u00e9\" \/>\n<meta property=\"og:description\" content=\"\u2713 Voll funktionsf\u00e4higes Smartphone \u2013 100 % Leistungsversprechen\u2713 12 Monate Garantie f\u00fcr sorgenfreie Nutzung\u2713 Zertifizierter Akku mit \u00fcber 80 % der urspr\u00fcnglichen Kapazit\u00e4t \u2013 f\u00fcr langanhaltende Leistung\u2713 Fachm\u00e4nnisch in Europa general\u00fcberholt und an \u00fcber 40 Qualit\u00e4tskontrollen getestet\u2713 Schnelle und zuverl\u00e4ssige Lieferung in ganz Europa innerhalb von 4 bis 8 Werktagen\" \/>\n<meta property=\"og:url\" content=\"https:\/\/shop.iode.tech\/de\/product\/smartphones-de\/generalueberholte-smartphones\/samsung-galaxy-a52s-5g\/\" \/>\n<meta property=\"og:site_name\" content=\"iod\u00e9\" \/>\n<meta property=\"article:publisher\" content=\"https:\/\/www.facebook.com\/iodephones\" \/>\n<meta property=\"article:modified_time\" content=\"2026-03-27T13:21:12+00:00\" \/>\n<meta property=\"og:image\" content=\"https:\/\/shop.iode.tech\/wp-content\/uploads\/2023\/08\/A52S_1000x1000.png\" \/>\n\t<meta property=\"og:image:width\" content=\"1000\" \/>\n\t<meta property=\"og:image:height\" content=\"1000\" \/>\n\t<meta property=\"og:image:type\" content=\"image\/png\" \/>\n<meta name=\"twitter:card\" content=\"summary_large_image\" \/>\n<meta name=\"twitter:site\" content=\"@iode_tech\" \/>\n<meta name=\"twitter:label1\" content=\"Gesch\u00e4tzte Lesezeit\" \/>\n\t<meta name=\"twitter:data1\" content=\"1\u00a0Minute\" \/>\n<script type=\"application\/ld+json\" class=\"yoast-schema-graph\">{\"@context\":\"https:\\\/\\\/schema.org\",\"@graph\":[{\"@type\":\"WebPage\",\"@id\":\"https:\\\/\\\/shop.iode.tech\\\/de\\\/product\\\/smartphones-de\\\/generalueberholte-smartphones\\\/samsung-galaxy-a52s-5g\\\/\",\"url\":\"https:\\\/\\\/shop.iode.tech\\\/de\\\/product\\\/smartphones-de\\\/generalueberholte-smartphones\\\/samsung-galaxy-a52s-5g\\\/\",\"name\":\"Samsung Galaxy A52s 5G - iod\u00e9\",\"isPartOf\":{\"@id\":\"https:\\\/\\\/shop.iode.tech\\\/de\\\/#website\"},\"primaryImageOfPage\":{\"@id\":\"https:\\\/\\\/shop.iode.tech\\\/de\\\/product\\\/smartphones-de\\\/generalueberholte-smartphones\\\/samsung-galaxy-a52s-5g\\\/#primaryimage\"},\"image\":{\"@id\":\"https:\\\/\\\/shop.iode.tech\\\/de\\\/product\\\/smartphones-de\\\/generalueberholte-smartphones\\\/samsung-galaxy-a52s-5g\\\/#primaryimage\"},\"thumbnailUrl\":\"https:\\\/\\\/shop.iode.tech\\\/wp-content\\\/uploads\\\/2023\\\/08\\\/A52S_1000x1000.png\",\"datePublished\":\"2023-08-31T14:24:29+00:00\",\"dateModified\":\"2026-03-27T13:21:12+00:00\",\"description\":\"\u2713 Voll funktionsf\u00e4higes Smartphone \u2013 100 % Leistungsversprechen\u2713 12 Monate Garantie f\u00fcr sorgenfreie Nutzung\u2713 Zertifizierter Akku mit \u00fcber 80 % der urspr\u00fcnglichen Kapazit\u00e4t \u2013 f\u00fcr langanhaltende Leistung\u2713 Fachm\u00e4nnisch in Europa general\u00fcberholt und an \u00fcber 40 Qualit\u00e4tskontrollen getestet\u2713 Schnelle und zuverl\u00e4ssige Lieferung in ganz Europa innerhalb von 4 bis 8 Werktagen\",\"breadcrumb\":{\"@id\":\"https:\\\/\\\/shop.iode.tech\\\/de\\\/product\\\/smartphones-de\\\/generalueberholte-smartphones\\\/samsung-galaxy-a52s-5g\\\/#breadcrumb\"},\"inLanguage\":\"de\",\"potentialAction\":[{\"@type\":\"ReadAction\",\"target\":[\"https:\\\/\\\/shop.iode.tech\\\/de\\\/product\\\/smartphones-de\\\/generalueberholte-smartphones\\\/samsung-galaxy-a52s-5g\\\/\"]}]},{\"@type\":\"ImageObject\",\"inLanguage\":\"de\",\"@id\":\"https:\\\/\\\/shop.iode.tech\\\/de\\\/product\\\/smartphones-de\\\/generalueberholte-smartphones\\\/samsung-galaxy-a52s-5g\\\/#primaryimage\",\"url\":\"https:\\\/\\\/shop.iode.tech\\\/wp-content\\\/uploads\\\/2023\\\/08\\\/A52S_1000x1000.png\",\"contentUrl\":\"https:\\\/\\\/shop.iode.tech\\\/wp-content\\\/uploads\\\/2023\\\/08\\\/A52S_1000x1000.png\",\"width\":1000,\"height\":1000,\"caption\":\"iod\u00e9 Samsung Galaxy A52s 5G\"},{\"@type\":\"BreadcrumbList\",\"@id\":\"https:\\\/\\\/shop.iode.tech\\\/de\\\/product\\\/smartphones-de\\\/generalueberholte-smartphones\\\/samsung-galaxy-a52s-5g\\\/#breadcrumb\",\"itemListElement\":[{\"@type\":\"ListItem\",\"position\":1,\"name\":\"Home\",\"item\":\"https:\\\/\\\/shop.iode.tech\\\/de\\\/\"},{\"@type\":\"ListItem\",\"position\":2,\"name\":\"Produkte\",\"item\":\"https:\\\/\\\/shop.iode.tech\\\/de\\\/shop\\\/\"},{\"@type\":\"ListItem\",\"position\":3,\"name\":\"Samsung Galaxy A52s 5G\"}]},{\"@type\":\"WebSite\",\"@id\":\"https:\\\/\\\/shop.iode.tech\\\/de\\\/#website\",\"url\":\"https:\\\/\\\/shop.iode.tech\\\/de\\\/\",\"name\":\"iod\u00e9\",\"description\":\"Be Smarter Than Your Phone.\",\"publisher\":{\"@id\":\"https:\\\/\\\/shop.iode.tech\\\/de\\\/#organization\"},\"potentialAction\":[{\"@type\":\"SearchAction\",\"target\":{\"@type\":\"EntryPoint\",\"urlTemplate\":\"https:\\\/\\\/shop.iode.tech\\\/de\\\/?s={search_term_string}\"},\"query-input\":{\"@type\":\"PropertyValueSpecification\",\"valueRequired\":true,\"valueName\":\"search_term_string\"}}],\"inLanguage\":\"de\"},{\"@type\":\"Organization\",\"@id\":\"https:\\\/\\\/shop.iode.tech\\\/de\\\/#organization\",\"name\":\"iod\u00e9\",\"url\":\"https:\\\/\\\/shop.iode.tech\\\/de\\\/\",\"logo\":{\"@type\":\"ImageObject\",\"inLanguage\":\"de\",\"@id\":\"https:\\\/\\\/shop.iode.tech\\\/de\\\/#\\\/schema\\\/logo\\\/image\\\/\",\"url\":\"https:\\\/\\\/iode.tech\\\/wp-content\\\/uploads\\\/2021\\\/03\\\/io_770659.png\",\"contentUrl\":\"https:\\\/\\\/iode.tech\\\/wp-content\\\/uploads\\\/2021\\\/03\\\/io_770659.png\",\"width\":770,\"height\":659,\"caption\":\"iod\u00e9\"},\"image\":{\"@id\":\"https:\\\/\\\/shop.iode.tech\\\/de\\\/#\\\/schema\\\/logo\\\/image\\\/\"},\"sameAs\":[\"https:\\\/\\\/www.facebook.com\\\/iodephones\",\"https:\\\/\\\/x.com\\\/iode_tech\"]}]}<\/script>\n<!-- \/ Yoast SEO plugin. -->","yoast_head_json":{"title":"Samsung Galaxy A52s 5G - iod\u00e9","description":"\u2713 Voll funktionsf\u00e4higes Smartphone \u2013 100 % Leistungsversprechen\u2713 12 Monate Garantie f\u00fcr sorgenfreie Nutzung\u2713 Zertifizierter Akku mit \u00fcber 80 % der urspr\u00fcnglichen Kapazit\u00e4t \u2013 f\u00fcr langanhaltende Leistung\u2713 Fachm\u00e4nnisch in Europa general\u00fcberholt und an \u00fcber 40 Qualit\u00e4tskontrollen getestet\u2713 Schnelle und zuverl\u00e4ssige Lieferung in ganz Europa innerhalb von 4 bis 8 Werktagen","robots":{"index":"index","follow":"follow","max-snippet":"max-snippet:-1","max-image-preview":"max-image-preview:large","max-video-preview":"max-video-preview:-1"},"canonical":"https:\/\/shop.iode.tech\/de\/product\/smartphones-de\/generalueberholte-smartphones\/samsung-galaxy-a52s-5g\/","og_locale":"de_DE","og_type":"article","og_title":"Samsung Galaxy A52s 5G - iod\u00e9","og_description":"\u2713 Voll funktionsf\u00e4higes Smartphone \u2013 100 % Leistungsversprechen\u2713 12 Monate Garantie f\u00fcr sorgenfreie Nutzung\u2713 Zertifizierter Akku mit \u00fcber 80 % der urspr\u00fcnglichen Kapazit\u00e4t \u2013 f\u00fcr langanhaltende Leistung\u2713 Fachm\u00e4nnisch in Europa general\u00fcberholt und an \u00fcber 40 Qualit\u00e4tskontrollen getestet\u2713 Schnelle und zuverl\u00e4ssige Lieferung in ganz Europa innerhalb von 4 bis 8 Werktagen","og_url":"https:\/\/shop.iode.tech\/de\/product\/smartphones-de\/generalueberholte-smartphones\/samsung-galaxy-a52s-5g\/","og_site_name":"iod\u00e9","article_publisher":"https:\/\/www.facebook.com\/iodephones","article_modified_time":"2026-03-27T13:21:12+00:00","og_image":[{"width":1000,"height":1000,"url":"https:\/\/shop.iode.tech\/wp-content\/uploads\/2023\/08\/A52S_1000x1000.png","type":"image\/png"}],"twitter_card":"summary_large_image","twitter_site":"@iode_tech","twitter_misc":{"Gesch\u00e4tzte Lesezeit":"1\u00a0Minute"},"schema":{"@context":"https:\/\/schema.org","@graph":[{"@type":"WebPage","@id":"https:\/\/shop.iode.tech\/de\/product\/smartphones-de\/generalueberholte-smartphones\/samsung-galaxy-a52s-5g\/","url":"https:\/\/shop.iode.tech\/de\/product\/smartphones-de\/generalueberholte-smartphones\/samsung-galaxy-a52s-5g\/","name":"Samsung Galaxy A52s 5G - iod\u00e9","isPartOf":{"@id":"https:\/\/shop.iode.tech\/de\/#website"},"primaryImageOfPage":{"@id":"https:\/\/shop.iode.tech\/de\/product\/smartphones-de\/generalueberholte-smartphones\/samsung-galaxy-a52s-5g\/#primaryimage"},"image":{"@id":"https:\/\/shop.iode.tech\/de\/product\/smartphones-de\/generalueberholte-smartphones\/samsung-galaxy-a52s-5g\/#primaryimage"},"thumbnailUrl":"https:\/\/shop.iode.tech\/wp-content\/uploads\/2023\/08\/A52S_1000x1000.png","datePublished":"2023-08-31T14:24:29+00:00","dateModified":"2026-03-27T13:21:12+00:00","description":"\u2713 Voll funktionsf\u00e4higes Smartphone \u2013 100 % Leistungsversprechen\u2713 12 Monate Garantie f\u00fcr sorgenfreie Nutzung\u2713 Zertifizierter Akku mit \u00fcber 80 % der urspr\u00fcnglichen Kapazit\u00e4t \u2013 f\u00fcr langanhaltende Leistung\u2713 Fachm\u00e4nnisch in Europa general\u00fcberholt und an \u00fcber 40 Qualit\u00e4tskontrollen getestet\u2713 Schnelle und zuverl\u00e4ssige Lieferung in ganz Europa innerhalb von 4 bis 8 Werktagen","breadcrumb":{"@id":"https:\/\/shop.iode.tech\/de\/product\/smartphones-de\/generalueberholte-smartphones\/samsung-galaxy-a52s-5g\/#breadcrumb"},"inLanguage":"de","potentialAction":[{"@type":"ReadAction","target":["https:\/\/shop.iode.tech\/de\/product\/smartphones-de\/generalueberholte-smartphones\/samsung-galaxy-a52s-5g\/"]}]},{"@type":"ImageObject","inLanguage":"de","@id":"https:\/\/shop.iode.tech\/de\/product\/smartphones-de\/generalueberholte-smartphones\/samsung-galaxy-a52s-5g\/#primaryimage","url":"https:\/\/shop.iode.tech\/wp-content\/uploads\/2023\/08\/A52S_1000x1000.png","contentUrl":"https:\/\/shop.iode.tech\/wp-content\/uploads\/2023\/08\/A52S_1000x1000.png","width":1000,"height":1000,"caption":"iod\u00e9 Samsung Galaxy A52s 5G"},{"@type":"BreadcrumbList","@id":"https:\/\/shop.iode.tech\/de\/product\/smartphones-de\/generalueberholte-smartphones\/samsung-galaxy-a52s-5g\/#breadcrumb","itemListElement":[{"@type":"ListItem","position":1,"name":"Home","item":"https:\/\/shop.iode.tech\/de\/"},{"@type":"ListItem","position":2,"name":"Produkte","item":"https:\/\/shop.iode.tech\/de\/shop\/"},{"@type":"ListItem","position":3,"name":"Samsung Galaxy A52s 5G"}]},{"@type":"WebSite","@id":"https:\/\/shop.iode.tech\/de\/#website","url":"https:\/\/shop.iode.tech\/de\/","name":"iod\u00e9","description":"Be Smarter Than Your Phone.","publisher":{"@id":"https:\/\/shop.iode.tech\/de\/#organization"},"potentialAction":[{"@type":"SearchAction","target":{"@type":"EntryPoint","urlTemplate":"https:\/\/shop.iode.tech\/de\/?s={search_term_string}"},"query-input":{"@type":"PropertyValueSpecification","valueRequired":true,"valueName":"search_term_string"}}],"inLanguage":"de"},{"@type":"Organization","@id":"https:\/\/shop.iode.tech\/de\/#organization","name":"iod\u00e9","url":"https:\/\/shop.iode.tech\/de\/","logo":{"@type":"ImageObject","inLanguage":"de","@id":"https:\/\/shop.iode.tech\/de\/#\/schema\/logo\/image\/","url":"https:\/\/iode.tech\/wp-content\/uploads\/2021\/03\/io_770659.png","contentUrl":"https:\/\/iode.tech\/wp-content\/uploads\/2021\/03\/io_770659.png","width":770,"height":659,"caption":"iod\u00e9"},"image":{"@id":"https:\/\/shop.iode.tech\/de\/#\/schema\/logo\/image\/"},"sameAs":["https:\/\/www.facebook.com\/iodephones","https:\/\/x.com\/iode_tech"]}]}},"_links":{"self":[{"href":"https:\/\/shop.iode.tech\/de\/wp-json\/wp\/v2\/product\/42224","targetHints":{"allow":["GET"]}}],"collection":[{"href":"https:\/\/shop.iode.tech\/de\/wp-json\/wp\/v2\/product"}],"about":[{"href":"https:\/\/shop.iode.tech\/de\/wp-json\/wp\/v2\/types\/product"}],"wp:featuredmedia":[{"embeddable":true,"href":"https:\/\/shop.iode.tech\/de\/wp-json\/wp\/v2\/media\/41209"}],"wp:attachment":[{"href":"https:\/\/shop.iode.tech\/de\/wp-json\/wp\/v2\/media?parent=42224"}],"wp:term":[{"taxonomy":"product_brand","embeddable":true,"href":"https:\/\/shop.iode.tech\/de\/wp-json\/wp\/v2\/product_brand?post=42224"},{"taxonomy":"product_cat","embeddable":true,"href":"https:\/\/shop.iode.tech\/de\/wp-json\/wp\/v2\/product_cat?post=42224"},{"taxonomy":"product_tag","embeddable":true,"href":"https:\/\/shop.iode.tech\/de\/wp-json\/wp\/v2\/product_tag?post=42224"}],"curies":[{"name":"wp","href":"https:\/\/api.w.org\/{rel}","templated":true}]}}